{"id":6332,"date":"2018-07-18T09:15:10","date_gmt":"2018-07-18T09:15:10","guid":{"rendered":"http:\/\/www.aofi.rs\/?page_id=6332"},"modified":"2018-11-19T10:22:58","modified_gmt":"2018-11-19T10:22:58","slug":"decenija-preduzetnistva","status":"publish","type":"page","link":"https:\/\/test1.aofi.rs\/sr\/decenija-preduzetnistva\/","title":{"rendered":"Decenija preduzetni\u0161tva"},"content":{"rendered":"<p>[vc_row rt_row_background_width=&#8220;fullwidth&#8220; rt_row_content_width=&#8220;default&#8220; rt_row_style=&#8220;default-style&#8220; rt_row_height=&#8220;&#8220; rt_column_placement=&#8220;middle&#8220; rt_column_view=&#8220;equal_heights&#8220; rt_column_gaps=&#8220;&#8220; rt_row_shadows=&#8220;&#8220; rt_col_anim=&#8220;true&#8220; rt_row_borders=&#8220;&#8220; rt_bg_effect=&#8220;classic&#8220; rt_bg_image_repeat=&#8220;repeat&#8220; rt_bg_size=&#8220;cover&#8220; rt_bg_position=&#8220;right top&#8220; rt_bg_attachment=&#8220;scroll&#8220; rt_bg_layer=&#8220;&#8220; rt_bg_video_format=&#8220;self-hosted&#8220; rt_row_paddings=&#8220;true&#8220; rt_padding_top=&#8220;60&#8243; rt_padding_bottom=&#8220;60&#8243; rt_class=&#8220;rt-2105354&#8243; rt_paddings=&#8220;60px,60px,,&#8220; rt_margins=&#8220;,,,&#8220; rt_content_margins=&#8220;,,,&#8220; rt_tablet_paddings=&#8220;,,,&#8220; rt_tablet_margins=&#8220;,,,&#8220; rt_tablet_content_margins=&#8220;,,,&#8220; rt_sp_paddings=&#8220;,,,&#8220; rt_sp_margins=&#8220;,,,&#8220; rt_sp_content_margins=&#8220;,,,&#8220;][vc_column rt_bg_effect=&#8220;classic&#8220; rt_bg_image_repeat=&#8220;no-repeat&#8220; rt_bg_size=&#8220;contain&#8220; rt_bg_position=&#8220;center center&#8220; rt_bg_attachment=&#8220;scroll&#8220; rt_col_paddings=&#8220;true&#8220; rt_wrp_col_paddings=&#8220;false&#8220; tablet_text_align=&#8220;&#8220; mobile_text_align=&#8220;&#8220; rt_bg_color=&#8220;&#8220; rt_bg_overlay_color=&#8220;&#8220; rt_padding_top=&#8220;20&#8243; rt_padding_bottom=&#8220;20&#8243; offset=&#8220;vc_col-md-6&#8243; rt_class=&#8220;rt-3347513&#8243; rt_margins=&#8220;,&#8220; rt_paddings=&#8220;20px,20px,,&#8220; rt_wrapper_paddings=&#8220;,,,&#8220; rt_tablet_margins=&#8220;,&#8220; rt_tablet_paddings=&#8220;,,,&#8220; rt_tablet_wrapper_paddings=&#8220;,,,&#8220; rt_sp_margins=&#8220;,&#8220; rt_sp_paddings=&#8220;,,,&#8220; rt_sp_wrapper_paddings=&#8220;,,,&#8220;]\r\n\t\t<article class=\"content-box content-box2 content-padding\">\r\n\t\t<div class=\"rt-heading-wrapper style-1\">\r\n\t\t\t\t\t\t<a href=\"http:\/\/www.aofi.rs\/wp-content\/uploads\/2018\/05\/Decenija-Preduzetnistva-Spisak-Programa.pdf\" target=\"_self\" title=\"Decenija preduzetni\u0161tva \u2013 spisak programa\"><h3 class=\"rt-heading style-1\" >Decenija preduzetni\u0161tva <\/h3><\/a>\r\n\t\t\t\t\t<\/div>\r\n\t\t<div class=\"content-holder\">\r\n\t\t\t<p>U martu 2015. godine Vlada Republike Srbije usvojila je Strategiju za podr\u0161ku razvoja malih i srednjih preduze\u0107a, preduzetni\u0161tva i konkurentnosti za period od 2015. do 2020. godine.<\/p>\n<p>Kroz program Godina preduzetni\u0161tva objedinjena je finansijska i nefinansijska podr\u0161ka ovom sektoru u 2016.<\/p>\n<p>Tokom 2017. Program je prerastao u Deceniju preduzetni\u0161tva \u010dime Vlada Republike Srbije i Ministarstvo privrede nastavljaju sa sistemskom podr\u0161kom sektoru malih i srednjih preduze\u0107a i preduzetnika koji \u010dini 99,80% srpske privrede i zapo\u0161ljava 67% radnika Srbije.<\/p>\n<p>AOFI, kao izvozno kreditna agencija Republike Srbije, aktivno u\u010destvuje u programu Decenija preduzetni\u0161tva pru\u017eaju\u0107i finansijsku podr\u0161ku najzna\u010dajnijem segmentu srpske privrede. Vi\u0161e o deceniji preduzetni\u0161tva mo\u017eete pro\u010ditati <a href=\"http:\/\/privreda.gov.rs\/program-decenija-preduzetnistva\" target=\"_blank\" rel=\"noopener\">ovde.<\/a><\/p>\n\r\n\t\t\t<div class=\"button_wrapper  arrow rounded\"><a href=\"http:\/\/www.aofi.rs\/wp-content\/uploads\/2018\/05\/Decenija-Preduzetnistva-Spisak-Programa.pdf\" target=\"_self\" title=\"Decenija preduzetni\u0161tva \u2013 spisak programa\" class=\"button_  style-1 small\"><span><span>Decenija preduzetni\u0161tva \u2013 spisak programa<\/span><\/span><\/a><\/div>\r\n\t\t<\/div>\r\n\t\t<\/article>\r\n\t\t[\/vc_column][vc_column tablet_align=&#8220;center&#8220; mobile_align=&#8220;center&#8220; rt_bg_effect=&#8220;classic&#8220; rt_bg_image_repeat=&#8220;repeat&#8220; rt_bg_size=&#8220;auto auto&#8220; rt_bg_position=&#8220;right top&#8220; rt_bg_attachment=&#8220;scroll&#8220; rt_col_paddings=&#8220;true&#8220; rt_wrp_col_paddings=&#8220;false&#8220; tablet_text_align=&#8220;&#8220; mobile_text_align=&#8220;&#8220; class=&#8220;tablet-text-center&#8220; rt_bg_color=&#8220;&#8220; rt_bg_overlay_color=&#8220;&#8220; rt_padding_top=&#8220;20&#8243; rt_padding_bottom=&#8220;20&#8243; offset=&#8220;vc_col-md-6&#8243; rt_class=&#8220;rt-2578296&#8243; rt_margins=&#8220;,&#8220; rt_paddings=&#8220;20px,20px,,&#8220; rt_wrapper_paddings=&#8220;,,,&#8220; rt_tablet_margins=&#8220;,&#8220; rt_tablet_paddings=&#8220;,,,&#8220; rt_tablet_wrapper_paddings=&#8220;,,,&#8220; rt_sp_margins=&#8220;,&#8220; rt_sp_paddings=&#8220;,,,&#8220; rt_sp_wrapper_paddings=&#8220;,,,&#8220;]<img class=\"retina-image aligncenter\" src=\"\" width=\"\" height=\"\" alt=\"\" srcset=\"https:\/\/test1.aofi.rs\/wp-content\/uploads\/2017\/06\/project-4.jpg 1.3x\" \/>[\/vc_column][\/vc_row]<\/p>\n","protected":false},"excerpt":{"rendered":"<p>[vc_row rt_row_background_width=&#8220;fullwidth&#8220; rt_row_content_width=&#8220;default&#8220; rt_row_style=&#8220;default-style&#8220; rt_row_height=&#8220;&#8220; rt_column_placement=&#8220;middle&#8220; rt_column_view=&#8220;equal_heights&#8220; rt_column_gaps=&#8220;&#8220; rt_row_shadows=&#8220;&#8220; rt_col_anim=&#8220;true&#8220; rt_row_borders=&#8220;&#8220; rt_bg_effect=&#8220;classic&#8220; rt_bg_image_repeat=&#8220;repeat&#8220; rt_bg_size=&#8220;cover&#8220; rt_bg_position=&#8220;right top&#8220; rt_bg_attachment=&#8220;scroll&#8220; rt_bg_layer=&#8220;&#8220; rt_bg_video_format=&#8220;self-hosted&#8220; rt_row_paddings=&#8220;true&#8220; rt_padding_top=&#8220;60&#8243; rt_padding_bottom=&#8220;60&#8243; rt_class=&#8220;rt-2105354&#8243; rt_paddings=&#8220;60px,60px,,&#8220; rt_margins=&#8220;,,,&#8220; rt_content_margins=&#8220;,,,&#8220; rt_tablet_paddings=&#8220;,,,&#8220; rt_tablet_margins=&#8220;,,,&#8220; rt_tablet_content_margins=&#8220;,,,&#8220; rt_sp_paddings=&#8220;,,,&#8220; rt_sp_margins=&#8220;,,,&#8220; rt_sp_content_margins=&#8220;,,,&#8220;][vc_column rt_bg_effect=&#8220;classic&#8220; rt_bg_image_repeat=&#8220;no-repeat&#8220; rt_bg_size=&#8220;contain&#8220; rt_bg_position=&#8220;center center&#8220; rt_bg_attachment=&#8220;scroll&#8220; rt_col_paddings=&#8220;true&#8220; rt_wrp_col_paddings=&#8220;false&#8220; tablet_text_align=&#8220;&#8220; mobile_text_align=&#8220;&#8220; rt_bg_color=&#8220;&#8220; rt_bg_overlay_color=&#8220;&#8220; rt_padding_top=&#8220;20&#8243; rt_padding_bottom=&#8220;20&#8243; offset=&#8220;vc_col-md-6&#8243; rt_class=&#8220;rt-3347513&#8243; rt_margins=&#8220;,&#8220; rt_paddings=&#8220;20px,20px,,&#8220; rt_wrapper_paddings=&#8220;,,,&#8220; rt_tablet_margins=&#8220;,&#8220; rt_tablet_paddings=&#8220;,,,&#8220; rt_tablet_wrapper_paddings=&#8220;,,,&#8220; rt_sp_margins=&#8220;,&#8220; [&hellip;]<\/p>\n","protected":false},"author":14,"featured_media":0,"parent":0,"menu_order":0,"comment_status":"closed","ping_status":"closed","template":"","meta":{"footnotes":""},"_links":{"self":[{"href":"https:\/\/test1.aofi.rs\/sr\/wp-json\/wp\/v2\/pages\/6332"}],"collection":[{"href":"https:\/\/test1.aofi.rs\/sr\/wp-json\/wp\/v2\/pages"}],"about":[{"href":"https:\/\/test1.aofi.rs\/sr\/wp-json\/wp\/v2\/types\/page"}],"author":[{"embeddable":true,"href":"https:\/\/test1.aofi.rs\/sr\/wp-json\/wp\/v2\/users\/14"}],"replies":[{"embeddable":true,"href":"https:\/\/test1.aofi.rs\/sr\/wp-json\/wp\/v2\/comments?post=6332"}],"version-history":[{"count":3,"href":"https:\/\/test1.aofi.rs\/sr\/wp-json\/wp\/v2\/pages\/6332\/revisions"}],"predecessor-version":[{"id":7612,"href":"https:\/\/test1.aofi.rs\/sr\/wp-json\/wp\/v2\/pages\/6332\/revisions\/7612"}],"wp:attachment":[{"href":"https:\/\/test1.aofi.rs\/sr\/wp-json\/wp\/v2\/media?parent=6332"}],"curies":[{"name":"wp","href":"https:\/\/api.w.org\/{rel}","templated":true}]}}