{"id":4666,"date":"2018-03-02T14:21:12","date_gmt":"2018-03-02T14:21:12","guid":{"rendered":"http:\/\/www.aofi.rs\/?page_id=4666"},"modified":"2020-02-05T14:01:24","modified_gmt":"2020-02-05T14:01:24","slug":"medunarodna-saradnja","status":"publish","type":"page","link":"https:\/\/test1.aofi.rs\/sr\/medunarodna-saradnja\/","title":{"rendered":"Me\u0111unarodna saradnja"},"content":{"rendered":"<p>[vc_row rt_row_background_width=&#8220;fullwidth&#8220; rt_row_content_width=&#8220;default&#8220; rt_row_style=&#8220;default-style&#8220; rt_row_height=&#8220;&#8220; rt_column_gaps=&#8220;&#8220; rt_row_shadows=&#8220;&#8220; rt_row_borders=&#8220;&#8220; rt_bg_effect=&#8220;classic&#8220; rt_bg_image_repeat=&#8220;repeat&#8220; rt_bg_size=&#8220;cover&#8220; rt_bg_position=&#8220;right top&#8220; rt_bg_attachment=&#8220;scroll&#8220; rt_bg_layer=&#8220;&#8220; rt_bg_video_format=&#8220;self-hosted&#8220;][vc_column rt_bg_effect=&#8220;classic&#8220; rt_bg_image_repeat=&#8220;repeat&#8220; rt_bg_size=&#8220;auto auto&#8220; rt_bg_position=&#8220;right top&#8220; rt_bg_attachment=&#8220;scroll&#8220; rt_class=&#8220;rt-4227818&#8243; rt_margins=&#8220;3%,5%&#8220; rt_paddings=&#8220;,,,&#8220; rt_wrapper_paddings=&#8220;,,,&#8220; rt_tablet_margins=&#8220;,&#8220; rt_tablet_paddings=&#8220;,,,&#8220; rt_tablet_wrapper_paddings=&#8220;,,,&#8220; rt_sp_margins=&#8220;,&#8220; rt_sp_paddings=&#8220;,,,&#8220; rt_sp_wrapper_paddings=&#8220;,,,&#8220; rt_bg_color=&#8220;&#8220; rt_bg_overlay_color=&#8220;&#8220;][vc_column_text]AOFI je u dosada\u0161njem radu uspostavila saradnju i potpisala ugovore o saradnji sa brojnim me\u0111unarodnim institucijama i bankama.<\/p>\n<p><strong>AOFI je aktivna \u010dlanica:<\/strong><\/p>\n<p><a href=\"http:\/\/www.berneunion.org\/\" target=\"_blank\" rel=\"noopener noreferrer\"><img decoding=\"async\" loading=\"lazy\" class=\"wp-image-5046 alignleft\" src=\"http:\/\/www.aofi.rs\/wp-content\/uploads\/2018\/03\/brneunion.png\" alt=\"\" width=\"289\" height=\"47\" srcset=\"https:\/\/test1.aofi.rs\/wp-content\/uploads\/2018\/03\/brneunion.png 221w, https:\/\/test1.aofi.rs\/wp-content\/uploads\/2018\/03\/brneunion-110x18.png 110w\" sizes=\"(max-width: 289px) 100vw, 289px\" \/><\/a><\/p>\n<p>&nbsp;<\/p>\n<p>&nbsp;<\/p>\n<p>Od decembra 2006. godine AOFI je aktivna \u010dlanica Bernske unije koja broji vi\u0161e od 80 \u010dlanica \u2013 izvozno-kreditnih agencija, banaka i privatnih osigurava\u010da potra\u017eivanja iz celog sveta.<\/p>\n<p>Na <a href=\"https:\/\/www.berneunion.org\" target=\"_blank\" rel=\"noopener noreferrer\">sajtu Bernske unije<\/a> mo\u017eete preuzeti\u00a0<a href=\"https:\/\/www.berneunion.org\/Members\" target=\"_blank\" rel=\"noopener noreferrer\">listu \u010dlanica<\/a>\u00a0i saznati vi\u0161e o ovoj asocijaciji osigurava\u010da i reosigurava\u010da.<\/p>\n<p>AOFI je u periodu 02 &#8211; 05. decembar 2012. godine bila doma\u0107in <a href=\"https:\/\/test1.aofi.rs\/sr\/odrzano-jesenje-zasedanje-praskog-kluba-u-beogradu-2-5-decembar-2012-godine-2\/\">Jesenjeg zasedanja \u010dlanica Pra\u0161kog kluba Bernske unije.<\/a>\u00a0 Glavna tema skupa bila je podr\u0161ka izvoznicima kroz institut osiguranja \u010dime se smanjuje rizik poslovanja <a href=\"https:\/\/test1.aofi.rs\/sr\/odrzano-jesenje-zasedanje-praskog-kluba-u-beogradu-2-5-decembar-2012-godine-2\/\">izvoznika<\/a>.<\/p>\n<p>Specijalisti\u010dki skup \u2013 \u0160tete i regresi za\u00a0 \u010dlanice Bernske unije odr\u017ean je u decembru 2015. godine u Beogradu. <a href=\"https:\/\/test1.aofi.rs\/sr\/specijalisticki-skup-galerija\/\">Doma\u0107in trodnevnog skupa za preko 80 stru\u010dnjaka iz celog sveta ponovo je bila AOFI.<\/a><\/p>\n<p><a href=\"https:\/\/test1.aofi.rs\/sr\/category\/bernska-unija-2017\/\">Godi\u0161nja konferencija \u010dlanica Bernske unije<\/a>\u00a0sa 260 u\u010desnika iz preko 70 zemalja iz celog sveta odr\u017eana je u Beogradu od 01. do\u00a0 05. oktobra 2017. godine. Poverenje Bernske unije da organizuje skup \u010dlanica najvi\u0161eg ranga po tre\u0107i put pripalo je AOFI.<\/p>\n<p><a href=\"https:\/\/fci.nl\/en\/home\" target=\"_blank\" rel=\"noopener noreferrer\"><img decoding=\"async\" loading=\"lazy\" class=\"alignleft wp-image-5044 size-full\" src=\"http:\/\/www.aofi.rs\/wp-content\/uploads\/2018\/03\/FCI.png?_t=1537260201\" alt=\"\" width=\"200\" height=\"140\" srcset=\"https:\/\/test1.aofi.rs\/wp-content\/uploads\/2018\/03\/FCI.png 200w, https:\/\/test1.aofi.rs\/wp-content\/uploads\/2018\/03\/FCI-100x70.png 100w\" sizes=\"(max-width: 200px) 100vw, 200px\" \/><\/a><\/p>\n<p>&nbsp;<\/p>\n<p>&nbsp;<\/p>\n<p>&nbsp;<\/p>\n<p>&nbsp;<\/p>\n<p>U januaru 2008. godine AOFI je primljena u \u010dlanstvo FCI \u2013 Factors Chain International \u2013 me\u0111unarodne faktoring asocijacije koja ima preko 200 \u010dlanica iz 65 zemalja sveta. Vi\u0161e informacija o FCI asocijaciji mo\u017eete pro\u010ditati\u00a0<a href=\"https:\/\/fci.nl\/en\/home\" target=\"_blank\" rel=\"noopener noreferrer\">ovde<\/a><\/p>\n<p>Ugovore o saradnji potpisali smo sa \u010dlanicama Bernske unije:<\/p>\n<ul>\n<li><a href=\"https:\/\/www.eximbank.gov.tr\/en\"><em>TURK EXIMBANK<\/em> \u2013 Turska<\/a>\u00a0\u2013 Jun 2019. godine<\/li>\n<li><a href=\"http:\/\/www.ecgc.in\"><em>ECGC LIMITED<\/em> \u2013 Indija<\/a> \u2013 2017.\u00a0godine<\/li>\n<li><a href=\"http:\/\/www.bancomext.com\" target=\"_blank\" rel=\"noopener noreferrer\"><em>BANCOMEXT<\/em> \u2013 Meksiko<\/a> \u2013 2017.\u00a0godine<\/li>\n<li><a href=\"http:\/\/www.eca-watch.org\/ecas\/sinosure\" target=\"_blank\" rel=\"noopener noreferrer\"><em>SINOSURE<\/em> &#8211; Kina<\/a> \u2013 2016.\u00a0godine<\/li>\n<li><a href=\"http:\/\/www.oaep.gr\" target=\"_blank\" rel=\"noopener noreferrer\"><em>ECIO<\/em> \u2013 Gr\u010dka<\/a>\u00a0&#8211; mart 2011. godine<\/li>\n<li><a href=\"http:\/\/www.eximbanka.sk\" target=\"_blank\" rel=\"noopener noreferrer\"><em>EXIMBANKA SR<\/em> \u2013 Slova\u010dka<\/a>\u00a0&#8211; novembar 2009. godine<\/li>\n<li><a href=\"http:\/\/www.eximgarant.by\" target=\"_blank\" rel=\"noopener noreferrer\"><em>BELEKSIMGARANT<\/em> \u2013 Belorusija<\/a>\u00a0&#8211; septembar 2009. godine<\/li>\n<li><a href=\"http:\/\/www.baez-bg.com\" target=\"_blank\" rel=\"noopener noreferrer\"><em>BAEZ<\/em> \u2013 Bugarska<\/a>\u00a0&#8211; april 2009. godine<\/li>\n<li><a href=\"http:\/\/www.egfi.ir\" target=\"_blank\" rel=\"noopener noreferrer\"><em>EGFI<\/em> \u2013 Iran<\/a>\u00a0&#8211; novembar 2008. godine<\/li>\n<li><a href=\"http:\/\/www.eximbank.ro\" target=\"_blank\" rel=\"noopener noreferrer\"><em>EXIMBANK RO<\/em> \u2013 Rumunija<\/a>\u00a0&#8211; maj 2008. godine<\/li>\n<li><a href=\"http:\/\/www.uzbekinvest.uz\" target=\"_blank\" rel=\"noopener noreferrer\"><em>UZBEKINVEST<\/em> \u2013 Uzbekistan<\/a>\u00a0&#8211; maj 2008. godine<\/li>\n<li><a href=\"http:\/\/www.sace.it\" target=\"_blank\" rel=\"noopener noreferrer\"><em>SACE<\/em> \u2013 Italija<\/a>\u00a0&#8211; novembar 2006. godine<\/li>\n<li><a href=\"http:\/\/www.sid.si\" target=\"_blank\" rel=\"noopener noreferrer\"><em>SID<\/em> \u2013 Slovenija<\/a>\u00a0&#8211; septembar 2006. godine<\/li>\n<li><a href=\"http:\/\/www.igabih.com\" target=\"_blank\" rel=\"noopener noreferrer\"><em>IGA BIH<\/em> \u2013 Bosna i Hercegovina<\/a>\u00a0&#8211; septembar 2006. godine<\/li>\n<li><a href=\"http:\/\/www.mbdp.com.mk\/\" target=\"_blank\" rel=\"noopener noreferrer\"><em>MBDP<\/em> \u2013 Makedonija<\/a> \u2013 maj 2006. godine<\/li>\n<\/ul>\n<p>[\/vc_column_text][\/vc_column][\/vc_row]<\/p>\n","protected":false},"excerpt":{"rendered":"<p>[vc_row rt_row_background_width=&#8220;fullwidth&#8220; rt_row_content_width=&#8220;default&#8220; rt_row_style=&#8220;default-style&#8220; rt_row_height=&#8220;&#8220; rt_column_gaps=&#8220;&#8220; rt_row_shadows=&#8220;&#8220; rt_row_borders=&#8220;&#8220; rt_bg_effect=&#8220;classic&#8220; rt_bg_image_repeat=&#8220;repeat&#8220; rt_bg_size=&#8220;cover&#8220; rt_bg_position=&#8220;right top&#8220; rt_bg_attachment=&#8220;scroll&#8220; rt_bg_layer=&#8220;&#8220; rt_bg_video_format=&#8220;self-hosted&#8220;][vc_column rt_bg_effect=&#8220;classic&#8220; rt_bg_image_repeat=&#8220;repeat&#8220; rt_bg_size=&#8220;auto auto&#8220; rt_bg_position=&#8220;right top&#8220; rt_bg_attachment=&#8220;scroll&#8220; rt_class=&#8220;rt-4227818&#8243; rt_margins=&#8220;3%,5%&#8220; rt_paddings=&#8220;,,,&#8220; rt_wrapper_paddings=&#8220;,,,&#8220; rt_tablet_margins=&#8220;,&#8220; rt_tablet_paddings=&#8220;,,,&#8220; rt_tablet_wrapper_paddings=&#8220;,,,&#8220; rt_sp_margins=&#8220;,&#8220; rt_sp_paddings=&#8220;,,,&#8220; rt_sp_wrapper_paddings=&#8220;,,,&#8220; rt_bg_color=&#8220;&#8220; rt_bg_overlay_color=&#8220;&#8220;][vc_column_text]AOFI je u dosada\u0161njem radu uspostavila saradnju i potpisala ugovore o saradnji sa brojnim me\u0111unarodnim institucijama i bankama. AOFI je aktivna [&hellip;]<\/p>\n","protected":false},"author":14,"featured_media":0,"parent":0,"menu_order":0,"comment_status":"closed","ping_status":"closed","template":"","meta":{"footnotes":""},"_links":{"self":[{"href":"https:\/\/test1.aofi.rs\/sr\/wp-json\/wp\/v2\/pages\/4666"}],"collection":[{"href":"https:\/\/test1.aofi.rs\/sr\/wp-json\/wp\/v2\/pages"}],"about":[{"href":"https:\/\/test1.aofi.rs\/sr\/wp-json\/wp\/v2\/types\/page"}],"author":[{"embeddable":true,"href":"https:\/\/test1.aofi.rs\/sr\/wp-json\/wp\/v2\/users\/14"}],"replies":[{"embeddable":true,"href":"https:\/\/test1.aofi.rs\/sr\/wp-json\/wp\/v2\/comments?post=4666"}],"version-history":[{"count":37,"href":"https:\/\/test1.aofi.rs\/sr\/wp-json\/wp\/v2\/pages\/4666\/revisions"}],"predecessor-version":[{"id":11081,"href":"https:\/\/test1.aofi.rs\/sr\/wp-json\/wp\/v2\/pages\/4666\/revisions\/11081"}],"wp:attachment":[{"href":"https:\/\/test1.aofi.rs\/sr\/wp-json\/wp\/v2\/media?parent=4666"}],"curies":[{"name":"wp","href":"https:\/\/api.w.org\/{rel}","templated":true}]}}