{"id":4554,"date":"2018-02-27T13:44:13","date_gmt":"2018-02-27T13:44:13","guid":{"rendered":"http:\/\/www.aofi.rs\/?page_id=4554"},"modified":"2024-02-09T20:19:57","modified_gmt":"2024-02-09T20:19:57","slug":"kreditiranje","status":"publish","type":"page","link":"https:\/\/test1.aofi.rs\/sr\/usluge\/kreditiranje\/","title":{"rendered":"Kratkoro\u010dno kreditiranje"},"content":{"rendered":"<p>[vc_row rt_row_background_width=&#8220;fullwidth&#8220; rt_row_content_width=&#8220;default&#8220; rt_row_style=&#8220;default-style&#8220; rt_row_height=&#8220;&#8220; rt_column_gaps=&#8220;&#8220; rt_row_shadows=&#8220;&#8220; rt_row_borders=&#8220;&#8220; rt_bg_effect=&#8220;classic&#8220; rt_bg_image_repeat=&#8220;repeat&#8220; rt_bg_size=&#8220;cover&#8220; rt_bg_position=&#8220;right top&#8220; rt_bg_attachment=&#8220;scroll&#8220; rt_bg_layer=&#8220;&#8220; rt_bg_video_format=&#8220;self-hosted&#8220; rt_class=&#8220;rt-2083338&#8243; rt_paddings=&#8220;5%,,,&#8220; rt_margins=&#8220;,,,&#8220; rt_content_margins=&#8220;,,,&#8220; rt_tablet_paddings=&#8220;,,,&#8220; rt_tablet_margins=&#8220;,,,&#8220; rt_tablet_content_margins=&#8220;,,,&#8220; rt_sp_paddings=&#8220;,,,&#8220; rt_sp_margins=&#8220;,,,&#8220; rt_sp_content_margins=&#8220;,,,&#8220;][vc_column rt_bg_effect=&#8220;classic&#8220; rt_bg_image_repeat=&#8220;repeat&#8220; rt_bg_size=&#8220;auto auto&#8220; rt_bg_position=&#8220;right top&#8220; rt_bg_attachment=&#8220;scroll&#8220; rt_class=&#8220;rt-4114766&#8243; rt_margins=&#8220;,&#8220; rt_paddings=&#8220;,,,&#8220; rt_wrapper_paddings=&#8220;,,,&#8220; rt_tablet_margins=&#8220;,&#8220; rt_tablet_paddings=&#8220;,,,&#8220; rt_tablet_wrapper_paddings=&#8220;,,,&#8220; rt_sp_margins=&#8220;,&#8220; rt_sp_paddings=&#8220;3%,,,&#8220; rt_sp_wrapper_paddings=&#8220;,,,&#8220; rt_bg_color=&#8220;&#8220; rt_bg_overlay_color=&#8220;&#8220;]\r\n\t\t<article class=\"content-box content-box2 content-padding\">\r\n\t\t<div class=\"rt-heading-wrapper style-1\">\r\n\t\t\t\t\t\t<h4 class=\"rt-heading style-1\" >\u0160ta podrazumeva kratkoro\u010dno kreditiranje?<\/h4>\r\n\t\t\t\t\t<\/div>\r\n\t\t<div class=\"content-holder\">\r\n\t\t\t<p>Kratkoro\u010dno kreditiranje podrazumeva obezbe\u0111ivanje finansijskih sredstava radi finansiranja obrtnih sredstava izvoznika.<\/p>\n\r\n\t\t\t\r\n\t\t<\/div>\r\n\t\t<\/article>\r\n\t\t[\/vc_column][\/vc_row][vc_row rt_row_background_width=&#8220;fullwidth&#8220; rt_row_content_width=&#8220;default&#8220; rt_row_style=&#8220;default-style&#8220; rt_row_height=&#8220;&#8220; rt_column_gaps=&#8220;&#8220; rt_row_shadows=&#8220;&#8220; rt_row_borders=&#8220;&#8220; rt_bg_effect=&#8220;classic&#8220; rt_bg_image_repeat=&#8220;repeat&#8220; rt_bg_size=&#8220;cover&#8220; rt_bg_position=&#8220;right top&#8220; rt_bg_attachment=&#8220;scroll&#8220; rt_bg_layer=&#8220;&#8220; rt_bg_video_format=&#8220;self-hosted&#8220; rt_class=&#8220;rt-4612919&#8243; rt_paddings=&#8220;2%,3%,,&#8220; rt_margins=&#8220;,,,&#8220; rt_content_margins=&#8220;,,,&#8220; rt_tablet_paddings=&#8220;,,,&#8220; rt_tablet_margins=&#8220;,,,&#8220; rt_tablet_content_margins=&#8220;,,,&#8220; rt_sp_paddings=&#8220;,,,&#8220; rt_sp_margins=&#8220;,,,&#8220; rt_sp_content_margins=&#8220;,,,&#8220;][vc_column rt_bg_effect=&#8220;classic&#8220; rt_bg_image_repeat=&#8220;repeat&#8220; rt_bg_size=&#8220;auto auto&#8220; rt_bg_position=&#8220;right top&#8220; rt_bg_attachment=&#8220;scroll&#8220;]\r\n\t\t<article class=\"content-box content-box2 content-padding\">\r\n\t\t<div class=\"rt-heading-wrapper style-1\">\r\n\t\t\t\t\t\t<h4 class=\"rt-heading style-1\" >Prednosti kratkoro\u010dnog kreditiranja:<\/h4>\r\n\t\t\t\t\t<\/div>\r\n\t\t<div class=\"content-holder\">\r\n\t\t\t\n<div  class=\"bullet-list style-1  check\">\n<ul>\n<li>Pobolj\u0161anje likvidnosti<\/li>\n<li>Jednostavnija procedura obezbe\u0111ivanja kredita u pore\u0111enju sa dugoro\u010dnim kreditima<\/li>\n<li>Prilago\u0111enost usluge kreditiranja potrebama izvoznika<\/li>\n<\/ul><\/div>\n\r\n\t\t\t\r\n\t\t<\/div>\r\n\t\t<\/article>\r\n\t\t[\/vc_column][\/vc_row][vc_row rt_row_background_width=&#8220;fullwidth&#8220; rt_row_content_width=&#8220;default&#8220; rt_row_style=&#8220;alt-style-1&#8243; rt_row_height=&#8220;&#8220; rt_column_gaps=&#8220;&#8220; rt_row_shadows=&#8220;&#8220; rt_row_borders=&#8220;&#8220; rt_bg_effect=&#8220;classic&#8220; rt_bg_image_repeat=&#8220;no-repeat&#8220; rt_bg_size=&#8220;auto auto&#8220; rt_bg_position=&#8220;right center&#8220; rt_bg_attachment=&#8220;scroll&#8220; rt_bg_layer=&#8220;&#8220; rt_bg_video_format=&#8220;self-hosted&#8220; rt_class=&#8220;rt-4768599&#8243; rt_paddings=&#8220;40px,40px,,&#8220; rt_margins=&#8220;,,,&#8220; rt_content_margins=&#8220;,,,&#8220; rt_tablet_paddings=&#8220;,,,&#8220; rt_tablet_margins=&#8220;,,,&#8220; rt_tablet_content_margins=&#8220;,,,&#8220; rt_sp_paddings=&#8220;,,,&#8220; rt_sp_margins=&#8220;,,,&#8220; rt_sp_content_margins=&#8220;,,,&#8220; rt_bg_image=&#8220;4046&#8243; rt_bg_color=&#8220;#262837&#8243;][vc_column rt_bg_effect=&#8220;classic&#8220; rt_bg_image_repeat=&#8220;repeat&#8220; rt_bg_size=&#8220;auto auto&#8220; rt_bg_position=&#8220;right top&#8220; rt_bg_attachment=&#8220;scroll&#8220;]<div class=\"rt-heading-wrapper style-1 rt-2784574\">\r\n\t\t\t\t\t\t<h4 class=\"rt-heading style-1\" >PROGRAM FINANSIRANjA IZVOZNIKA:<\/h4>\r\n\t\t\t\t\t<\/div><div  class=\"rt-toggle  numbered\"><ol><li  class=\"\"><div class=\"toggle-head\"><div class=\"toggle-number\">1<\/div><div class=\"toggle-title\">Direktno kreditiranje<\/div><\/div><div class=\"toggle-content\"><p>AOFI obezbe\u0111uje kratkoro\u010dne kredite izvoznim preduze\u0107ima po uslovima koji se mogu preuzeti na dnu stranice.<\/p>\n<\/div><\/li><\/ol><\/div>[\/vc_column][\/vc_row][vc_row disable_element=&#8220;yes&#8220; rt_row_background_width=&#8220;fullwidth&#8220; rt_row_content_width=&#8220;default&#8220; rt_row_style=&#8220;light-style&#8220; rt_row_height=&#8220;&#8220; rt_column_gaps=&#8220;&#8220; rt_row_shadows=&#8220;&#8220; rt_row_borders=&#8220;&#8220; rt_bg_effect=&#8220;classic&#8220; rt_bg_image_repeat=&#8220;no-repeat&#8220; rt_bg_size=&#8220;auto auto&#8220; rt_bg_position=&#8220;right center&#8220; rt_bg_attachment=&#8220;scroll&#8220; rt_bg_layer=&#8220;&#8220; rt_bg_video_format=&#8220;self-hosted&#8220; rt_row_paddings=&#8220;true&#8220; rt_bg_image=&#8220;4046&#8243; rt_padding_top=&#8220;80&#8243; rt_padding_bottom=&#8220;30&#8243; rt_class=&#8220;rt-1857739&#8243; rt_paddings=&#8220;40,40,,&#8220; rt_margins=&#8220;,,,&#8220; rt_content_margins=&#8220;,,,&#8220; rt_tablet_paddings=&#8220;,,,&#8220; rt_tablet_margins=&#8220;,,,&#8220; rt_tablet_content_margins=&#8220;,,,&#8220; rt_sp_paddings=&#8220;,,,&#8220; rt_sp_margins=&#8220;,,,&#8220; rt_sp_content_margins=&#8220;,,,&#8220;][vc_column width=&#8220;1\/2&#8243; tablet_align=&#8220;center&#8220; mobile_align=&#8220;center&#8220; rt_bg_effect=&#8220;classic&#8220; rt_bg_image_repeat=&#8220;repeat&#8220; rt_bg_size=&#8220;auto auto&#8220; rt_bg_position=&#8220;right top&#8220; rt_bg_attachment=&#8220;scroll&#8220; rt_col_paddings=&#8220;true&#8220; rt_wrp_col_paddings=&#8220;false&#8220; tablet_text_align=&#8220;&#8220; mobile_text_align=&#8220;&#8220; rt_padding_top=&#8220;40&#8243; rt_padding_bottom=&#8220;40&#8243; rt_bg_color=&#8220;&#8220; rt_bg_overlay_color=&#8220;&#8220; offset=&#8220;vc_col-md-6&#8243; rt_class=&#8220;rt-5017998&#8243; rt_margins=&#8220;,&#8220; rt_paddings=&#8220;40px,40px,,&#8220; rt_wrapper_paddings=&#8220;,,,&#8220; rt_tablet_margins=&#8220;,&#8220; rt_tablet_paddings=&#8220;,,,&#8220; rt_tablet_wrapper_paddings=&#8220;,,,&#8220; rt_sp_margins=&#8220;,&#8220; rt_sp_paddings=&#8220;0px,0px,,&#8220; rt_sp_wrapper_paddings=&#8220;,,,&#8220;]<div class=\"rt-heading-wrapper style-1 rt-9633039\">\r\n\t\t\t\t\t\t<h4 class=\"rt-heading style-1\" >PROGRAMI FINANSIRANjA IZVOZNIKA:<\/h4>\r\n\t\t\t\t\t<\/div><div  class=\"rt-toggle  numbered\"><ol><li  class=\"\"><div class=\"toggle-head\"><div class=\"toggle-number\">1<\/div><div class=\"toggle-title\">1. Direktno kreditiranje<\/div><\/div><div class=\"toggle-content\"><p>AOFI obezbe\u0111uje kratkoro\u010dne kredite izvoznim preduze\u0107ima po uslovima koji se mogu preuzeti na dnu stranice.<\/p>\n<\/div><\/li><li  class=\"\"><div class=\"toggle-head\"><div class=\"toggle-number\">2<\/div><div class=\"toggle-title\">Content 2<\/div><\/div><div class=\"toggle-content\"><p>I am text block. Click edit button to change this text.<\/p>\n<\/div><\/li><li  class=\"\"><div class=\"toggle-head\"><div class=\"toggle-number\">3<\/div><div class=\"toggle-title\">Content 2<\/div><\/div><div class=\"toggle-content\"><p>I am text block. Click edit button to change this text.<\/p>\n<\/div><\/li><\/ol><\/div>[\/vc_column][vc_column width=&#8220;1\/2&#8243; rt_bg_effect=&#8220;classic&#8220; rt_bg_image_repeat=&#8220;repeat&#8220; rt_bg_size=&#8220;auto auto&#8220; rt_bg_position=&#8220;right top&#8220; rt_bg_attachment=&#8220;scroll&#8220;][\/vc_column][\/vc_row][vc_row rt_row_background_width=&#8220;fullwidth&#8220; rt_row_content_width=&#8220;default&#8220; rt_row_style=&#8220;default-style&#8220; rt_row_height=&#8220;&#8220; rt_column_gaps=&#8220;&#8220; rt_row_shadows=&#8220;&#8220; rt_row_borders=&#8220;&#8220; rt_bg_effect=&#8220;classic&#8220; rt_bg_image_repeat=&#8220;repeat&#8220; rt_bg_size=&#8220;cover&#8220; rt_bg_position=&#8220;right top&#8220; rt_bg_attachment=&#8220;scroll&#8220; rt_bg_layer=&#8220;&#8220; rt_bg_video_format=&#8220;self-hosted&#8220; rt_class=&#8220;rt-3451365&#8243; rt_paddings=&#8220;5%,2%,,&#8220; rt_margins=&#8220;,,,&#8220; rt_content_margins=&#8220;,,,&#8220; rt_tablet_paddings=&#8220;,,,&#8220; rt_tablet_margins=&#8220;,,,&#8220; rt_tablet_content_margins=&#8220;,,,&#8220; rt_sp_paddings=&#8220;,,,&#8220; rt_sp_margins=&#8220;,,,&#8220; rt_sp_content_margins=&#8220;,,,&#8220;][vc_column rt_bg_effect=&#8220;classic&#8220; rt_bg_image_repeat=&#8220;repeat&#8220; rt_bg_size=&#8220;auto auto&#8220; rt_bg_position=&#8220;right top&#8220; rt_bg_attachment=&#8220;scroll&#8220; rt_class=&#8220;rt-4745484&#8243; rt_margins=&#8220;,&#8220; rt_paddings=&#8220;,,,&#8220; rt_wrapper_paddings=&#8220;,,,&#8220; rt_tablet_margins=&#8220;,&#8220; rt_tablet_paddings=&#8220;,,,&#8220; rt_tablet_wrapper_paddings=&#8220;,,,&#8220; rt_sp_margins=&#8220;,&#8220; rt_sp_paddings=&#8220;5%,,,&#8220; rt_sp_wrapper_paddings=&#8220;,,,&#8220; rt_bg_color=&#8220;&#8220; rt_bg_overlay_color=&#8220;&#8220;]\r\n\t\t<article class=\"content-box content-box2 content-padding\">\r\n\t\t<div class=\"rt-heading-wrapper style-1\">\r\n\t\t\t\t\t\t<h4 class=\"rt-heading style-1\" >Potrebna dokumentacija:<\/h4>\r\n\t\t\t\t\t<\/div>\r\n\t\t<div class=\"content-holder\">\r\n\t\t\t\n<div  class=\"bullet-list style-1  check\">\n<ul>\n<li>Zahtev za odobravanje plasmana na memorandumu firme, overen i potpisan<\/li>\n<li>Popunjen\u00a0<em>Upitnik za izradu kreditnog dosijea<\/em>\u00a0<em>AOFI<\/em><\/li>\n<li>Kopija ugovora o izvoznom poslu koji je predmet finansiranja\/izdavanja garancija<\/li>\n<li>Popunjena\u00a0<em>Saglasnost klijenta \u2013 Kreditni biro<\/em>\u00a0za povla\u010denje izve\u0161taja<\/li>\n<li>Zaklju\u010dni list na poslednji dan prethodnog meseca<\/li>\n<li>Zaklju\u010dni list na 31. 12. 2017. godine<\/li>\n<li>Zvani\u010dni finansijski izve\u0161taj za poslednje dve godine<\/li>\n<li>Revizorski izve\u0161taj za poslednje dve godine (za lica kod kojih postoji zakonska obaveza)<\/li>\n<li>Analiti\u010dke kartice kupaca i dobavlja\u010da<\/li>\n<li>Statusna dokumentacija (Izvod iz APR-a, OP obrazac, PIB, Odluka o osnivanju, va\u017ee\u0107i statut sa svim izmenama)<\/li>\n<li>Potvrda Poreske uprave o izmirenim poreskim obavezama<\/li>\n<\/ul><\/div>\n\r\n\t\t\t\r\n\t\t<\/div>\r\n\t\t<\/article>\r\n\t\t[\/vc_column][\/vc_row][vc_row rt_row_background_width=&#8220;fullwidth&#8220; rt_row_content_width=&#8220;default&#8220; rt_row_style=&#8220;alt-style-1&#8243; rt_row_height=&#8220;&#8220; rt_column_gaps=&#8220;&#8220; rt_row_shadows=&#8220;&#8220; rt_row_borders=&#8220;&#8220; rt_bg_effect=&#8220;classic&#8220; rt_bg_image_repeat=&#8220;no-repeat&#8220; rt_bg_size=&#8220;auto auto&#8220; rt_bg_position=&#8220;right center&#8220; rt_bg_attachment=&#8220;scroll&#8220; rt_bg_layer=&#8220;&#8220; rt_bg_video_format=&#8220;self-hosted&#8220; rt_class=&#8220;rt-4636758&#8243; rt_paddings=&#8220;40px,40px,,&#8220; rt_margins=&#8220;,,,&#8220; rt_content_margins=&#8220;,,,&#8220; rt_tablet_paddings=&#8220;,,,&#8220; rt_tablet_margins=&#8220;,,,&#8220; rt_tablet_content_margins=&#8220;,,,&#8220; rt_sp_paddings=&#8220;,,,&#8220; rt_sp_margins=&#8220;,,,&#8220; rt_sp_content_margins=&#8220;,,,&#8220; rt_bg_image=&#8220;4046&#8243; rt_bg_color=&#8220;#262837&#8243; class=&#8220;citat&#8220;][vc_column rt_bg_effect=&#8220;classic&#8220; rt_bg_image_repeat=&#8220;repeat&#8220; rt_bg_size=&#8220;auto auto&#8220; rt_bg_position=&#8220;right top&#8220; rt_bg_attachment=&#8220;scroll&#8220; rt_class=&#8220;rt-4260256&#8243; rt_margins=&#8220;,&#8220; rt_paddings=&#8220;,,,&#8220; rt_wrapper_paddings=&#8220;,,,&#8220; rt_tablet_margins=&#8220;,&#8220; rt_tablet_paddings=&#8220;,,,&#8220; rt_tablet_wrapper_paddings=&#8220;,,,&#8220; rt_sp_margins=&#8220;,&#8220; rt_sp_paddings=&#8220;,,,&#8220; rt_sp_wrapper_paddings=&#8220;,,,&#8220; rt_bg_color=&#8220;&#8220; rt_bg_overlay_color=&#8220;&#8220;][vc_column_text]<\/p>\n<div class=\"content_row row vc_row wpb_row alt-style-1 fullwidth has-bg-image rt-1438479\">\n<div class=\"content_row_wrapper default\">\n<div class=\"vc_col-sm-12 wpb_column vc_column_container rt-2351945 rt-column-container\">\n<div class=\"vc_column-inner rt-column-inner\">\n<div class=\"wpb_wrapper rt-wrapper\">\n<blockquote><p>DOBRA DELA NE PROPADAJU<\/p>\n<p>Vuk Stefanovi\u0107 Karad\u017ei\u0107<\/p><\/blockquote>\n<\/div>\n<\/div>\n<\/div>\n<\/div>\n<\/div>\n<p>[\/vc_column_text][\/vc_column][\/vc_row][vc_row rt_row_background_width=&#8220;fullwidth&#8220; rt_row_content_width=&#8220;default&#8220; rt_row_style=&#8220;default-style&#8220; rt_row_height=&#8220;&#8220; rt_column_gaps=&#8220;&#8220; rt_row_shadows=&#8220;&#8220; rt_row_borders=&#8220;&#8220; rt_bg_effect=&#8220;classic&#8220; rt_bg_image_repeat=&#8220;repeat&#8220; rt_bg_size=&#8220;cover&#8220; rt_bg_position=&#8220;right top&#8220; rt_bg_attachment=&#8220;scroll&#8220; rt_bg_layer=&#8220;&#8220; rt_bg_video_format=&#8220;self-hosted&#8220; rt_class=&#8220;rt-5523546&#8243; rt_paddings=&#8220;0px,3%,,&#8220; rt_margins=&#8220;,,,&#8220; rt_content_margins=&#8220;,,,&#8220; rt_tablet_paddings=&#8220;,,,&#8220; rt_tablet_margins=&#8220;,,,&#8220; rt_tablet_content_margins=&#8220;,,,&#8220; rt_sp_paddings=&#8220;,,,&#8220; rt_sp_margins=&#8220;,,,&#8220; rt_sp_content_margins=&#8220;,,,&#8220;][vc_column rt_bg_effect=&#8220;classic&#8220; rt_bg_image_repeat=&#8220;repeat&#8220; rt_bg_size=&#8220;auto auto&#8220; rt_bg_position=&#8220;right top&#8220; rt_bg_attachment=&#8220;scroll&#8220; rt_col_paddings=&#8220;true&#8220; rt_wrp_col_paddings=&#8220;false&#8220; rt_class=&#8220;rt-3177483&#8243; rt_margins=&#8220;,&#8220; rt_paddings=&#8220;40px,40px,,&#8220; rt_wrapper_paddings=&#8220;,,,&#8220; rt_tablet_margins=&#8220;,&#8220; rt_tablet_paddings=&#8220;,,,&#8220; rt_tablet_wrapper_paddings=&#8220;,,,&#8220; rt_sp_margins=&#8220;,&#8220; rt_sp_paddings=&#8220;5%,3%,,&#8220; rt_sp_wrapper_paddings=&#8220;,,,&#8220; rt_bg_color=&#8220;&#8220; rt_bg_overlay_color=&#8220;&#8220;]\r\n\t\t<article class=\"content-box content-box2 content-padding\">\r\n\t\t<div class=\"rt-heading-wrapper style-1\">\r\n\t\t\t\t\t\t<a href=\"#\" target=\"_self\" title=\"\"><h4 class=\"rt-heading style-1\" >Preuzmite dokumenta:<\/h4><\/a>\r\n\t\t\t\t\t<\/div>\r\n\t\t<div class=\"content-holder\">\r\n\t\t\t\n<div  class=\"bullet-list style-1  arrow\">\n<ul>\n<li><a href=\"https:\/\/www.aofi.rs\/wp-content\/uploads\/2023\/03\/Odluka-o-uslovima-kreditiranja.pdf\">Odluka o uslovima kreditiranja<\/a><\/li>\n<li><a href=\"https:\/\/www.aofi.rs\/wp-content\/uploads\/2023\/09\/Upitnik-za-izradu-kreditnog-dosijea-klijenta-1.docx\">Upitnik za izradu kreditnog dosijea klijenta<\/a><\/li>\n<li><a href=\"http:\/\/www.aofi.rs\/dokumenta\/Saglasnost-klijenta-Kreditni-Biro.pdf\">Saglasnost klijenta &#8211; Kreditni biro<\/a><\/li>\n<\/ul><\/div>\n\r\n\t\t\t\r\n\t\t<\/div>\r\n\t\t<\/article>\r\n\t\t[\/vc_column][\/vc_row]<\/p>\n","protected":false},"excerpt":{"rendered":"<p>[vc_row rt_row_background_width=&#8220;fullwidth&#8220; rt_row_content_width=&#8220;default&#8220; rt_row_style=&#8220;default-style&#8220; rt_row_height=&#8220;&#8220; rt_column_gaps=&#8220;&#8220; rt_row_shadows=&#8220;&#8220; rt_row_borders=&#8220;&#8220; rt_bg_effect=&#8220;classic&#8220; rt_bg_image_repeat=&#8220;repeat&#8220; rt_bg_size=&#8220;cover&#8220; rt_bg_position=&#8220;right top&#8220; rt_bg_attachment=&#8220;scroll&#8220; rt_bg_layer=&#8220;&#8220; rt_bg_video_format=&#8220;self-hosted&#8220; rt_class=&#8220;rt-2083338&#8243; rt_paddings=&#8220;5%,,,&#8220; rt_margins=&#8220;,,,&#8220; rt_content_margins=&#8220;,,,&#8220; rt_tablet_paddings=&#8220;,,,&#8220; rt_tablet_margins=&#8220;,,,&#8220; rt_tablet_content_margins=&#8220;,,,&#8220; rt_sp_paddings=&#8220;,,,&#8220; rt_sp_margins=&#8220;,,,&#8220; rt_sp_content_margins=&#8220;,,,&#8220;][vc_column rt_bg_effect=&#8220;classic&#8220; rt_bg_image_repeat=&#8220;repeat&#8220; rt_bg_size=&#8220;auto auto&#8220; rt_bg_position=&#8220;right top&#8220; rt_bg_attachment=&#8220;scroll&#8220; rt_class=&#8220;rt-4114766&#8243; rt_margins=&#8220;,&#8220; rt_paddings=&#8220;,,,&#8220; rt_wrapper_paddings=&#8220;,,,&#8220; rt_tablet_margins=&#8220;,&#8220; rt_tablet_paddings=&#8220;,,,&#8220; rt_tablet_wrapper_paddings=&#8220;,,,&#8220; rt_sp_margins=&#8220;,&#8220; rt_sp_paddings=&#8220;3%,,,&#8220; rt_sp_wrapper_paddings=&#8220;,,,&#8220; rt_bg_color=&#8220;&#8220; rt_bg_overlay_color=&#8220;&#8220;][\/vc_column][\/vc_row][vc_row rt_row_background_width=&#8220;fullwidth&#8220; rt_row_content_width=&#8220;default&#8220; rt_row_style=&#8220;default-style&#8220; rt_row_height=&#8220;&#8220; rt_column_gaps=&#8220;&#8220; rt_row_shadows=&#8220;&#8220; rt_row_borders=&#8220;&#8220; rt_bg_effect=&#8220;classic&#8220; rt_bg_image_repeat=&#8220;repeat&#8220; rt_bg_size=&#8220;cover&#8220; [&hellip;]<\/p>\n","protected":false},"author":14,"featured_media":0,"parent":4508,"menu_order":0,"comment_status":"closed","ping_status":"closed","template":"","meta":{"footnotes":""},"_links":{"self":[{"href":"https:\/\/test1.aofi.rs\/sr\/wp-json\/wp\/v2\/pages\/4554"}],"collection":[{"href":"https:\/\/test1.aofi.rs\/sr\/wp-json\/wp\/v2\/pages"}],"about":[{"href":"https:\/\/test1.aofi.rs\/sr\/wp-json\/wp\/v2\/types\/page"}],"author":[{"embeddable":true,"href":"https:\/\/test1.aofi.rs\/sr\/wp-json\/wp\/v2\/users\/14"}],"replies":[{"embeddable":true,"href":"https:\/\/test1.aofi.rs\/sr\/wp-json\/wp\/v2\/comments?post=4554"}],"version-history":[{"count":35,"href":"https:\/\/test1.aofi.rs\/sr\/wp-json\/wp\/v2\/pages\/4554\/revisions"}],"predecessor-version":[{"id":12601,"href":"https:\/\/test1.aofi.rs\/sr\/wp-json\/wp\/v2\/pages\/4554\/revisions\/12601"}],"up":[{"embeddable":true,"href":"https:\/\/test1.aofi.rs\/sr\/wp-json\/wp\/v2\/pages\/4508"}],"wp:attachment":[{"href":"https:\/\/test1.aofi.rs\/sr\/wp-json\/wp\/v2\/media?parent=4554"}],"curies":[{"name":"wp","href":"https:\/\/api.w.org\/{rel}","templated":true}]}}