{"id":4548,"date":"2018-02-27T13:12:53","date_gmt":"2018-02-27T13:12:53","guid":{"rendered":"http:\/\/www.aofi.rs\/?page_id=4548"},"modified":"2024-02-09T20:27:25","modified_gmt":"2024-02-09T20:27:25","slug":"faktoring","status":"publish","type":"page","link":"https:\/\/test1.aofi.rs\/sr\/usluge\/faktoring\/","title":{"rendered":"Faktoring"},"content":{"rendered":"<p>[vc_row rt_row_background_width=&#8220;fullwidth&#8220; rt_row_content_width=&#8220;default&#8220; rt_row_style=&#8220;default-style&#8220; rt_row_height=&#8220;&#8220; rt_column_gaps=&#8220;&#8220; rt_row_shadows=&#8220;&#8220; rt_row_borders=&#8220;&#8220; rt_bg_effect=&#8220;classic&#8220; rt_bg_image_repeat=&#8220;repeat&#8220; rt_bg_size=&#8220;cover&#8220; rt_bg_position=&#8220;right top&#8220; rt_bg_attachment=&#8220;scroll&#8220; rt_bg_layer=&#8220;&#8220; rt_bg_video_format=&#8220;self-hosted&#8220; rt_class=&#8220;rt-2083338&#8243; rt_paddings=&#8220;5%,,,&#8220; rt_margins=&#8220;,,,&#8220; rt_content_margins=&#8220;,,,&#8220; rt_tablet_paddings=&#8220;,,,&#8220; rt_tablet_margins=&#8220;,,,&#8220; rt_tablet_content_margins=&#8220;,,,&#8220; rt_sp_paddings=&#8220;,,,&#8220; rt_sp_margins=&#8220;,,,&#8220; rt_sp_content_margins=&#8220;,,,&#8220;][vc_column rt_bg_effect=&#8220;classic&#8220; rt_bg_image_repeat=&#8220;repeat&#8220; rt_bg_size=&#8220;auto auto&#8220; rt_bg_position=&#8220;right top&#8220; rt_bg_attachment=&#8220;scroll&#8220; rt_class=&#8220;rt-7594601&#8243; rt_margins=&#8220;,&#8220; rt_paddings=&#8220;,,,&#8220; rt_wrapper_paddings=&#8220;,,,&#8220; rt_tablet_margins=&#8220;,&#8220; rt_tablet_paddings=&#8220;,,,&#8220; rt_tablet_wrapper_paddings=&#8220;,,,&#8220; rt_sp_margins=&#8220;,&#8220; rt_sp_paddings=&#8220;3%,,,&#8220; rt_sp_wrapper_paddings=&#8220;,,,&#8220; rt_bg_color=&#8220;&#8220; rt_bg_overlay_color=&#8220;&#8220;]\r\n\t\t<article class=\"content-box content-box2 content-padding\">\r\n\t\t<div class=\"rt-heading-wrapper style-1\">\r\n\t\t\t\t\t\t<h4 class=\"rt-heading style-1\" >\u0160ta je faktoring?<\/h4>\r\n\t\t\t\t\t<\/div>\r\n\t\t<div class=\"content-holder\">\r\n\t\t\t<p>Faktoring predstavlja finansijski instrument kojim faktor \u2013 Agencija za osiguranje i finansiranje izvoza Republike Srbije (AOFI), kratkoro\u010dno finansira izvozna preduze\u0107a na osnovu nedospelih, nespornih potra\u017eivanja, proisteklih iz prodaje roba ili usluga na inostranom ili doma\u0107em tr\u017ei\u0161tu.<\/p>\n\r\n\t\t\t\r\n\t\t<\/div>\r\n\t\t<\/article>\r\n\t\t[\/vc_column][\/vc_row][vc_row rt_row_background_width=&#8220;fullwidth&#8220; rt_row_content_width=&#8220;default&#8220; rt_row_style=&#8220;default-style&#8220; rt_row_height=&#8220;&#8220; rt_column_gaps=&#8220;&#8220; rt_row_shadows=&#8220;&#8220; rt_row_borders=&#8220;&#8220; rt_bg_effect=&#8220;classic&#8220; rt_bg_image_repeat=&#8220;repeat&#8220; rt_bg_size=&#8220;cover&#8220; rt_bg_position=&#8220;right top&#8220; rt_bg_attachment=&#8220;scroll&#8220; rt_bg_layer=&#8220;&#8220; rt_bg_video_format=&#8220;self-hosted&#8220; rt_class=&#8220;rt-4612919&#8243; rt_paddings=&#8220;2%,3%,,&#8220; rt_margins=&#8220;,,,&#8220; rt_content_margins=&#8220;,,,&#8220; rt_tablet_paddings=&#8220;,,,&#8220; rt_tablet_margins=&#8220;,,,&#8220; rt_tablet_content_margins=&#8220;,,,&#8220; rt_sp_paddings=&#8220;,,,&#8220; rt_sp_margins=&#8220;,,,&#8220; rt_sp_content_margins=&#8220;,,,&#8220;][vc_column rt_bg_effect=&#8220;classic&#8220; rt_bg_image_repeat=&#8220;repeat&#8220; rt_bg_size=&#8220;auto auto&#8220; rt_bg_position=&#8220;right top&#8220; rt_bg_attachment=&#8220;scroll&#8220;]\r\n\t\t<article class=\"content-box content-box2 content-padding\">\r\n\t\t<div class=\"rt-heading-wrapper style-1\">\r\n\t\t\t\t\t\t<h4 class=\"rt-heading style-1\" >U\u010desnici u faktoring poslu:<\/h4>\r\n\t\t\t\t\t<\/div>\r\n\t\t<div class=\"content-holder\">\r\n\t\t\t\n<div  class=\"bullet-list style-1  check\">\n<ul>\n<li>Faktor &#8211; AOFI<\/li>\n<li>Ustupilac &#8211; Prodavac robe ili usluge koji prodaje robu du\u017eniku sa odlo\u017eenim rokom pla\u0107anja i ustupa potra\u017eivanja Faktoru<\/li>\n<li>Du\u017enik &#8211; Kupac robe ili usluga<\/li>\n<\/ul><\/div>\n\r\n\t\t\t\r\n\t\t<\/div>\r\n\t\t<\/article>\r\n\t\t[\/vc_column][\/vc_row][vc_row rt_row_background_width=&#8220;fullwidth&#8220; rt_row_content_width=&#8220;default&#8220; rt_row_style=&#8220;default-style&#8220; rt_row_height=&#8220;&#8220; rt_column_gaps=&#8220;&#8220; rt_row_shadows=&#8220;&#8220; rt_row_borders=&#8220;&#8220; rt_bg_effect=&#8220;classic&#8220; rt_bg_image_repeat=&#8220;repeat&#8220; rt_bg_size=&#8220;cover&#8220; rt_bg_position=&#8220;right top&#8220; rt_bg_attachment=&#8220;scroll&#8220; rt_bg_layer=&#8220;&#8220; rt_bg_video_format=&#8220;self-hosted&#8220; rt_class=&#8220;rt-4612919&#8243; rt_paddings=&#8220;2%,3%,,&#8220; rt_margins=&#8220;,,,&#8220; rt_content_margins=&#8220;,,,&#8220; rt_tablet_paddings=&#8220;,,,&#8220; rt_tablet_margins=&#8220;,,,&#8220; rt_tablet_content_margins=&#8220;,,,&#8220; rt_sp_paddings=&#8220;,,,&#8220; rt_sp_margins=&#8220;,,,&#8220; rt_sp_content_margins=&#8220;,,,&#8220;][vc_column rt_bg_effect=&#8220;classic&#8220; rt_bg_image_repeat=&#8220;repeat&#8220; rt_bg_size=&#8220;auto auto&#8220; rt_bg_position=&#8220;right top&#8220; rt_bg_attachment=&#8220;scroll&#8220;]\r\n\t\t<article class=\"content-box content-box2 content-padding\">\r\n\t\t<div class=\"rt-heading-wrapper style-1\">\r\n\t\t\t\t\t\t<h4 class=\"rt-heading style-1\" >Vrste faktoring usluga koje AOFI pru\u017ea izvoznicima:<\/h4>\r\n\t\t\t\t\t<\/div>\r\n\t\t<div class=\"content-holder\">\r\n\t\t\t\n<div  class=\"bullet-list style-1  check\">\n<ul>\n<li>Me\u0111unarodni izvozni faktoring (kroz jednofaktorski i dvofaktorski sistem rada)<\/li>\n<li>Doma\u0107i faktoring<\/li>\n<\/ul><\/div>\n\r\n\t\t\t\r\n\t\t<\/div>\r\n\t\t<\/article>\r\n\t\t[\/vc_column][\/vc_row][vc_row rt_row_background_width=&#8220;fullwidth&#8220; rt_row_content_width=&#8220;default&#8220; rt_row_style=&#8220;alt-style-1&#8243; rt_row_height=&#8220;&#8220; rt_column_gaps=&#8220;&#8220; rt_row_shadows=&#8220;&#8220; rt_row_borders=&#8220;&#8220; rt_bg_effect=&#8220;classic&#8220; rt_bg_image_repeat=&#8220;no-repeat&#8220; rt_bg_size=&#8220;auto auto&#8220; rt_bg_position=&#8220;right center&#8220; rt_bg_attachment=&#8220;scroll&#8220; rt_bg_layer=&#8220;&#8220; rt_bg_video_format=&#8220;self-hosted&#8220; rt_row_paddings=&#8220;true&#8220; rt_bg_image=&#8220;4046&#8243; rt_padding_top=&#8220;80&#8243; rt_padding_bottom=&#8220;30&#8243; rt_class=&#8220;rt-9130590&#8243; rt_paddings=&#8220;40,40,,&#8220; rt_margins=&#8220;,,,&#8220; rt_content_margins=&#8220;,,,&#8220; rt_tablet_paddings=&#8220;,,,&#8220; rt_tablet_margins=&#8220;,,,&#8220; rt_tablet_content_margins=&#8220;,,,&#8220; rt_sp_paddings=&#8220;,,,&#8220; rt_sp_margins=&#8220;,,,&#8220; rt_sp_content_margins=&#8220;,,,&#8220;][vc_column width=&#8220;1\/2&#8243; tablet_align=&#8220;center&#8220; mobile_align=&#8220;center&#8220; rt_bg_effect=&#8220;classic&#8220; rt_bg_image_repeat=&#8220;repeat&#8220; rt_bg_size=&#8220;auto auto&#8220; rt_bg_position=&#8220;right top&#8220; rt_bg_attachment=&#8220;scroll&#8220; rt_col_paddings=&#8220;true&#8220; rt_wrp_col_paddings=&#8220;false&#8220; tablet_text_align=&#8220;&#8220; mobile_text_align=&#8220;&#8220; rt_padding_top=&#8220;40&#8243; rt_padding_bottom=&#8220;40&#8243; rt_bg_color=&#8220;&#8220; rt_bg_overlay_color=&#8220;&#8220; offset=&#8220;vc_col-md-6&#8243; rt_class=&#8220;rt-5017998&#8243; rt_margins=&#8220;,&#8220; rt_paddings=&#8220;40px,40px,,&#8220; rt_wrapper_paddings=&#8220;,,,&#8220; rt_tablet_margins=&#8220;,&#8220; rt_tablet_paddings=&#8220;,,,&#8220; rt_tablet_wrapper_paddings=&#8220;,,,&#8220; rt_sp_margins=&#8220;,&#8220; rt_sp_paddings=&#8220;0px,0px,,&#8220; rt_sp_wrapper_paddings=&#8220;,,,&#8220;]\r\n\t\t<article class=\"content-box content-box2 content-padding\">\r\n\t\t<div class=\"rt-heading-wrapper style-1\">\r\n\t\t\t\t\t\t<h4 class=\"rt-heading style-1\" >Prednosti faktoringa:<\/h4>\r\n\t\t\t\t\t<\/div>\r\n\t\t<div class=\"content-holder\">\r\n\t\t\t\n<div  class=\"bullet-list style-1  check\">\n<ul>\n<li>Pobolj\u0161ava <em>likvidnost<\/em> &#8211; br\u017eom naplatom potra\u017eivanja kroz isplatu avansnih sredstava obezbe\u0111uju se neophodna sredstva za pla\u0107anje sopstvenih obaveza i finansiranje proizvodnje<\/li>\n<li>Pove\u0107ava <em>kreditnu sposobnost <\/em><em>i bonitet<\/em> izvoznika, bez optere\u0107enja bilansnih pozicija i evidentiranja u Kreditnom birou<\/li>\n<li>Bolja <em>konkurentska pozicija <\/em>izvoznika, kako kod kupaca tako i kod dobavlja\u010da, davanjem du\u017eih rokova pla\u0107anja i prodaje robe na otvoreno<\/li>\n<li><em>Sigurnost u naplati potra\u017eivanja<\/em><\/li>\n<\/ul><\/div>\n\r\n\t\t\t\r\n\t\t<\/div>\r\n\t\t<\/article>\r\n\t\t[\/vc_column][vc_column width=&#8220;1\/2&#8243; tablet_align=&#8220;center&#8220; mobile_align=&#8220;center&#8220; rt_bg_effect=&#8220;classic&#8220; rt_bg_image_repeat=&#8220;repeat&#8220; rt_bg_size=&#8220;auto auto&#8220; rt_bg_position=&#8220;right top&#8220; rt_bg_attachment=&#8220;scroll&#8220; rt_col_paddings=&#8220;true&#8220; rt_wrp_col_paddings=&#8220;false&#8220; tablet_text_align=&#8220;&#8220; mobile_text_align=&#8220;&#8220; rt_padding_top=&#8220;40&#8243; rt_padding_bottom=&#8220;40&#8243; rt_bg_color=&#8220;&#8220; rt_bg_overlay_color=&#8220;&#8220; offset=&#8220;vc_col-md-6&#8243; rt_class=&#8220;rt-6741881&#8243; rt_margins=&#8220;,&#8220; rt_paddings=&#8220;40px,40px,,&#8220; rt_wrapper_paddings=&#8220;,,,&#8220; rt_tablet_margins=&#8220;,&#8220; rt_tablet_paddings=&#8220;,,,&#8220; rt_tablet_wrapper_paddings=&#8220;,,,&#8220; rt_sp_margins=&#8220;,&#8220; rt_sp_paddings=&#8220;5%,0px,,&#8220; rt_sp_wrapper_paddings=&#8220;,,,&#8220;]\r\n\t\t<article class=\"content-box content-box2 content-padding\">\r\n\t\t<div class=\"rt-heading-wrapper style-1\">\r\n\t\t\t\t\t\t<h4 class=\"rt-heading style-1\" > Korisnici faktoringa:<\/h4>\r\n\t\t\t\t\t<\/div>\r\n\t\t<div class=\"content-holder\">\r\n\t\t\t\n<div  class=\"bullet-list style-1  check\">\n<ul>\n<li>Izvozno orijentisana preduze\u0107a koja ostvaruju godi\u0161nji izvoz od EUR 100.000 ili proporcionalni iznos u toku godine, bez obzira na veli\u010dinu preduze\u0107a<\/li>\n<li>Preduze\u0107a koja nude robu na odlo\u017eeno pla\u0107anje ili koja zapo\u010dinju posao sa novim kupcima<\/li>\n<li>Preduze\u0107a koja imaju dobre vi\u0161egodi\u0161nje programe i kvalitetne kupce, ali nemaju dovoljno obrtnog kapitala da finansiraju du\u017ee rokove naplate<\/li>\n<li>Mala i srednja preduze\u0107a koja nemaju dovoljno resursa, kao ni finansijsku snagu da se dodatno zadu\u017euju na finansijskom tr\u017ei\u0161tu<\/li>\n<li>Preduze\u0107a koja vode ra\u010duna o sopstvenoj likvidnosti, pove\u0107avaju\u0107i brzinu i kvalitet naplate, kao i obrtni kapital za dalja ulaganja, uz istovremeno smanjenje tro\u0161kova naplate i mogu\u0107ih gubitaka<\/li>\n<\/ul><\/div>\n\r\n\t\t\t\r\n\t\t<\/div>\r\n\t\t<\/article>\r\n\t\t[\/vc_column][\/vc_row][vc_row rt_row_background_width=&#8220;fullwidth&#8220; rt_row_content_width=&#8220;default&#8220; rt_row_style=&#8220;default-style&#8220; rt_row_height=&#8220;&#8220; rt_column_gaps=&#8220;&#8220; rt_row_shadows=&#8220;&#8220; rt_row_borders=&#8220;&#8220; rt_bg_effect=&#8220;classic&#8220; rt_bg_image_repeat=&#8220;repeat&#8220; rt_bg_size=&#8220;cover&#8220; rt_bg_position=&#8220;right top&#8220; rt_bg_attachment=&#8220;scroll&#8220; rt_bg_layer=&#8220;&#8220; rt_bg_video_format=&#8220;self-hosted&#8220; rt_class=&#8220;rt-6223885&#8243; rt_paddings=&#8220;2%,3%,,&#8220; rt_margins=&#8220;,,,&#8220; rt_content_margins=&#8220;,,,&#8220; rt_tablet_paddings=&#8220;,,,&#8220; rt_tablet_margins=&#8220;,,,&#8220; rt_tablet_content_margins=&#8220;,,,&#8220; rt_sp_paddings=&#8220;,,,&#8220; rt_sp_margins=&#8220;,,,&#8220; rt_sp_content_margins=&#8220;,,,&#8220;][vc_column rt_bg_effect=&#8220;classic&#8220; rt_bg_image_repeat=&#8220;repeat&#8220; rt_bg_size=&#8220;auto auto&#8220; rt_bg_position=&#8220;right top&#8220; rt_bg_attachment=&#8220;scroll&#8220;]\r\n\t\t<article class=\"content-box content-box2 content-padding\">\r\n\t\t<div class=\"rt-heading-wrapper style-1\">\r\n\t\t\t\t\t\t<h4 class=\"rt-heading style-1\" >Kako faktoring funkcioni\u0161e:<\/h4>\r\n\t\t\t\t\t<\/div>\r\n\t\t<div class=\"content-holder\">\r\n\t\t\t\n<div  class=\"bullet-list style-1  check\">\n<ul>\n<li>Nakon isporuke robe ili izvr\u0161ene usluge izvoznik ispostavlja fakturu du\u017eniku<\/li>\n<li>Izvoznik dostavlja AOFI kopiju fakture sa drugom prate\u0107om (izvoznom) dokumentacijom uz potpisano obave\u0161tenje du\u017eniku o ustupljenom potra\u017eivanju<\/li>\n<li>Po dostavljanju kompletne dokumentacije AOFI ispla\u0107uje avansna sredstva u visini do 95% nominalne vrednosti ustupljenog potra\u017eivanja, umanjena za tro\u0161ak provizuje<\/li>\n<li>Po dospe\u0107u fakture, a nakon uplate du\u017enika na ra\u010dun AOFI, vr\u0161i se isplata razlike izme\u0111u ispla\u0107enog avansa i primljene uplate na ra\u010dun izvoznika. Ukoliko je ugovorom precizirano ostatak ovog iznosa AOFI mo\u017ee koristiti za namirenje dospelih obaveza izvoznika prema AOFI<\/li>\n<\/ul><\/div>\n\r\n\t\t\t\r\n\t\t<\/div>\r\n\t\t<\/article>\r\n\t\t[\/vc_column][\/vc_row][vc_row rt_row_background_width=&#8220;fullwidth&#8220; rt_row_content_width=&#8220;default&#8220; rt_row_style=&#8220;alt-style-1&#8243; rt_row_height=&#8220;&#8220; rt_column_view=&#8220;equal_heights&#8220; rt_column_gaps=&#8220;&#8220; rt_row_shadows=&#8220;&#8220; rt_row_borders=&#8220;&#8220; rt_bg_effect=&#8220;classic&#8220; rt_bg_image_repeat=&#8220;repeat&#8220; rt_bg_size=&#8220;cover&#8220; rt_bg_position=&#8220;right top&#8220; rt_bg_attachment=&#8220;scroll&#8220; rt_bg_layer=&#8220;&#8220; rt_bg_video_format=&#8220;self-hosted&#8220; rt_class=&#8220;rt-2515556&#8243; rt_paddings=&#8220;60px,60px,,&#8220; rt_margins=&#8220;,,,&#8220; rt_content_margins=&#8220;,,,&#8220; rt_tablet_paddings=&#8220;,,,&#8220; rt_tablet_margins=&#8220;,,,&#8220; rt_tablet_content_margins=&#8220;,,,&#8220; rt_sp_paddings=&#8220;,,,&#8220; rt_sp_margins=&#8220;,,,&#8220; rt_sp_content_margins=&#8220;,,,&#8220; rt_bg_image=&#8220;4046&#8243;][vc_column rt_bg_effect=&#8220;classic&#8220; rt_bg_image_repeat=&#8220;repeat&#8220; rt_bg_size=&#8220;auto auto&#8220; rt_bg_position=&#8220;right top&#8220; rt_bg_attachment=&#8220;scroll&#8220;]\r\n\t\t<article class=\"content-box content-box2 content-padding\">\r\n\t\t<div class=\"rt-heading-wrapper style-1\">\r\n\t\t\t\t\t\t<a href=\"#\" target=\"_self\" title=\"\"><h4 class=\"rt-heading style-1\" >Faze realizacije faktoringa:<\/h4><\/a>\r\n\t\t\t\t\t<\/div>\r\n\t\t<div class=\"content-holder\">\r\n\t\t\t<ol>\n<li>Izvoznik dostavlja popunjen upitnik za faktoring sa drugom zahtevanom dokumentacijom koja je navedena uz upitnik<\/li>\n<li>AOFI pristupa analizi boniteta navedenih du\u017enika iz upitnika i dostavlja indikativnu\u00a0ponudu sa listom prihvatljivih du\u017enika<\/li>\n<li>Po prihvatanju indikativne ponude priprema se predlog za Izvr\u0161ni odbor AOFI koji donosi kona\u010dnu odluku<\/li>\n<li>Nakon pozitivne odluke Izvr\u0161nog odbora pristupa se potpisivanju ugovora o faktoringu<\/li>\n<li>Po potpisu ugovora i ustupanju potra\u017eivanja za odobrene du\u017enike, AOFI vr\u0161i finansiranje u skladu sa va\u0161im potrebama u devizama ili dinarima<\/li>\n<\/ol>\n\r\n\t\t\t\r\n\t\t<\/div>\r\n\t\t<\/article>\r\n\t\t[\/vc_column][\/vc_row][vc_row rt_row_background_width=&#8220;fullwidth&#8220; rt_row_content_width=&#8220;default&#8220; rt_row_style=&#8220;default-style&#8220; rt_row_height=&#8220;&#8220; rt_column_gaps=&#8220;&#8220; rt_row_shadows=&#8220;&#8220; rt_row_borders=&#8220;&#8220; rt_bg_effect=&#8220;classic&#8220; rt_bg_image_repeat=&#8220;repeat&#8220; rt_bg_size=&#8220;cover&#8220; rt_bg_position=&#8220;right top&#8220; rt_bg_attachment=&#8220;scroll&#8220; rt_bg_layer=&#8220;&#8220; rt_bg_video_format=&#8220;self-hosted&#8220; rt_class=&#8220;rt-4333689&#8243; rt_paddings=&#8220;3%,0px,,&#8220; rt_margins=&#8220;,,,&#8220; rt_content_margins=&#8220;,,,&#8220; rt_tablet_paddings=&#8220;,,,&#8220; rt_tablet_margins=&#8220;,,,&#8220; rt_tablet_content_margins=&#8220;,,,&#8220; rt_sp_paddings=&#8220;,,,&#8220; rt_sp_margins=&#8220;,,,&#8220; rt_sp_content_margins=&#8220;,,,&#8220;][vc_column rt_bg_effect=&#8220;classic&#8220; rt_bg_image_repeat=&#8220;repeat&#8220; rt_bg_size=&#8220;auto auto&#8220; rt_bg_position=&#8220;right top&#8220; rt_bg_attachment=&#8220;scroll&#8220; rt_class=&#8220;rt-5332735&#8243; rt_margins=&#8220;,&#8220; rt_paddings=&#8220;,,,&#8220; rt_wrapper_paddings=&#8220;,,,&#8220; rt_tablet_margins=&#8220;,&#8220; rt_tablet_paddings=&#8220;,,,&#8220; rt_tablet_wrapper_paddings=&#8220;,,,&#8220; rt_sp_margins=&#8220;,&#8220; rt_sp_paddings=&#8220;5%,3%,,&#8220; rt_sp_wrapper_paddings=&#8220;,,,&#8220; rt_bg_color=&#8220;&#8220; rt_bg_overlay_color=&#8220;&#8220;]\r\n\t\t<article class=\"content-box content-box2 content-padding\">\r\n\t\t<div class=\"rt-heading-wrapper style-1\">\r\n\t\t\t\t\t\t<h4 class=\"rt-heading style-1\" >Cena faktoringa<\/h4>\r\n\t\t\t\t\t<\/div>\r\n\t\t<div class=\"content-holder\">\r\n\t\t\t\n<div  class=\"bullet-list style-1  check\">\n<ul>\n<li><strong><em>Bonitetni izve\u0161taji du\u017enika<\/em><\/strong> predstavljaju tro\u0161ak koji izvoznik ima pre zaklju\u010denja ugovora o me\u0111unarodnom faktoringu, a koji omogu\u0107ava monitoring nad du\u017enikom u roku od jedne godine<\/li>\n<li><strong><em>Faktoring provizija<\/em><\/strong> je fiksni tro\u0161ak definisan ugovorom za svakog du\u017enika i napla\u0107uje se u ugovorenom procentu na celokupnu vrednost ustupljenog potra\u017eivanja &#8211; fakture prilikom isplate avansa<\/li>\n<li><strong><em>Faktoring kamata &#8211;<\/em><\/strong> obra\u010dunava se na mese\u010dnom nivou, na iznos kori\u0161\u0107enih &#8211; ispla\u0107enih sredstva od dana finansiranja do dana uplate du\u017enika<\/li>\n<\/ul><\/div>\n\r\n\t\t\t\r\n\t\t<\/div>\r\n\t\t<\/article>\r\n\t\t[\/vc_column][\/vc_row][vc_row rt_row_background_width=&#8220;fullwidth&#8220; rt_row_content_width=&#8220;default&#8220; rt_row_style=&#8220;alt-style-1&#8243; rt_row_height=&#8220;&#8220; rt_column_gaps=&#8220;&#8220; rt_row_shadows=&#8220;&#8220; rt_row_borders=&#8220;&#8220; rt_bg_effect=&#8220;classic&#8220; rt_bg_image_repeat=&#8220;no-repeat&#8220; rt_bg_size=&#8220;auto auto&#8220; rt_bg_position=&#8220;right center&#8220; rt_bg_attachment=&#8220;scroll&#8220; rt_bg_layer=&#8220;&#8220; rt_bg_video_format=&#8220;self-hosted&#8220; rt_class=&#8220;rt-4668226&#8243; rt_paddings=&#8220;40px,40px,,&#8220; rt_margins=&#8220;,,,&#8220; rt_content_margins=&#8220;,,,&#8220; rt_tablet_paddings=&#8220;,,,&#8220; rt_tablet_margins=&#8220;,,,&#8220; rt_tablet_content_margins=&#8220;,,,&#8220; rt_sp_paddings=&#8220;,,,&#8220; rt_sp_margins=&#8220;,,,&#8220; rt_sp_content_margins=&#8220;,,,&#8220; rt_bg_image=&#8220;4046&#8243; rt_bg_color=&#8220;#262837&#8243; class=&#8220;citat&#8220;][vc_column rt_bg_effect=&#8220;classic&#8220; rt_bg_image_repeat=&#8220;repeat&#8220; rt_bg_size=&#8220;auto auto&#8220; rt_bg_position=&#8220;right top&#8220; rt_bg_attachment=&#8220;scroll&#8220;][vc_column_text]<\/p>\n<div class=\"content_row row vc_row wpb_row alt-style-1 fullwidth has-bg-image rt-1438479\">\n<div class=\"content_row_wrapper default\">\n<div class=\"vc_col-sm-12 wpb_column vc_column_container rt-2351945 rt-column-container\">\n<div class=\"vc_column-inner rt-column-inner\">\n<div class=\"wpb_wrapper rt-wrapper\">\n<blockquote><p>DOBRA ODLUKA SE BAZIRA NA ZNANJU, A NE NA BROJEVIMA<\/p>\n<p>Platon<\/p><\/blockquote>\n<\/div>\n<\/div>\n<\/div>\n<\/div>\n<\/div>\n<p>[\/vc_column_text][\/vc_column][\/vc_row][vc_row rt_row_background_width=&#8220;fullwidth&#8220; rt_row_content_width=&#8220;default&#8220; rt_row_style=&#8220;default-style&#8220; rt_row_height=&#8220;&#8220; rt_column_gaps=&#8220;&#8220; rt_row_shadows=&#8220;&#8220; rt_row_borders=&#8220;&#8220; rt_bg_effect=&#8220;classic&#8220; rt_bg_image_repeat=&#8220;repeat&#8220; rt_bg_size=&#8220;cover&#8220; rt_bg_position=&#8220;right top&#8220; rt_bg_attachment=&#8220;scroll&#8220; rt_bg_layer=&#8220;&#8220; rt_bg_video_format=&#8220;self-hosted&#8220; rt_class=&#8220;rt-1661876&#8243; rt_paddings=&#8220;1%,3%,,&#8220; rt_margins=&#8220;,,,&#8220; rt_content_margins=&#8220;,,,&#8220; rt_tablet_paddings=&#8220;,,,&#8220; rt_tablet_margins=&#8220;,,,&#8220; rt_tablet_content_margins=&#8220;,,,&#8220; rt_sp_paddings=&#8220;,,,&#8220; rt_sp_margins=&#8220;,,,&#8220; rt_sp_content_margins=&#8220;,,,&#8220;][vc_column rt_bg_effect=&#8220;classic&#8220; rt_bg_image_repeat=&#8220;repeat&#8220; rt_bg_size=&#8220;auto auto&#8220; rt_bg_position=&#8220;right top&#8220; rt_bg_attachment=&#8220;scroll&#8220; rt_col_paddings=&#8220;true&#8220; rt_wrp_col_paddings=&#8220;false&#8220; rt_class=&#8220;rt-6248668&#8243; rt_margins=&#8220;,&#8220; rt_paddings=&#8220;40px,40px,,&#8220; rt_wrapper_paddings=&#8220;,,,&#8220; rt_tablet_margins=&#8220;,&#8220; rt_tablet_paddings=&#8220;,,,&#8220; rt_tablet_wrapper_paddings=&#8220;,,,&#8220; rt_sp_margins=&#8220;,&#8220; rt_sp_paddings=&#8220;5%,0px,,&#8220; rt_sp_wrapper_paddings=&#8220;,,,&#8220; rt_bg_color=&#8220;&#8220; rt_bg_overlay_color=&#8220;&#8220;]\r\n\t\t<article class=\"content-box content-box2 content-padding\">\r\n\t\t<div class=\"rt-heading-wrapper style-1\">\r\n\t\t\t\t\t\t<a href=\"#\" target=\"_self\" title=\"\"><h4 class=\"rt-heading style-1\" >Preuzmite dokumenta:<\/h4><\/a>\r\n\t\t\t\t\t<\/div>\r\n\t\t<div class=\"content-holder\">\r\n\t\t\t\n<div  class=\"bullet-list style-1  arrow\">\n<ul>\n<li><a href=\"https:\/\/www.aofi.rs\/wp-content\/uploads\/2023\/03\/Uslovi-faktoringa.pdf\">Odluka o uslovima faktoringa<\/a><\/li>\n<li><a href=\"https:\/\/www.aofi.rs\/wp-content\/uploads\/2023\/09\/Upitnik-za-izradu-kreditnog-dosijea-klijenta-faktoring-2.docx\">Upitnik za izradu kreditnog dosijea klijenta<\/a><\/li>\n<\/ul><\/div>\n\r\n\t\t\t\r\n\t\t<\/div>\r\n\t\t<\/article>\r\n\t\t[\/vc_column][\/vc_row]<\/p>\n","protected":false},"excerpt":{"rendered":"<p>[vc_row rt_row_background_width=&#8220;fullwidth&#8220; rt_row_content_width=&#8220;default&#8220; rt_row_style=&#8220;default-style&#8220; rt_row_height=&#8220;&#8220; rt_column_gaps=&#8220;&#8220; rt_row_shadows=&#8220;&#8220; rt_row_borders=&#8220;&#8220; rt_bg_effect=&#8220;classic&#8220; rt_bg_image_repeat=&#8220;repeat&#8220; rt_bg_size=&#8220;cover&#8220; rt_bg_position=&#8220;right top&#8220; rt_bg_attachment=&#8220;scroll&#8220; rt_bg_layer=&#8220;&#8220; rt_bg_video_format=&#8220;self-hosted&#8220; rt_class=&#8220;rt-2083338&#8243; rt_paddings=&#8220;5%,,,&#8220; rt_margins=&#8220;,,,&#8220; rt_content_margins=&#8220;,,,&#8220; rt_tablet_paddings=&#8220;,,,&#8220; rt_tablet_margins=&#8220;,,,&#8220; rt_tablet_content_margins=&#8220;,,,&#8220; rt_sp_paddings=&#8220;,,,&#8220; rt_sp_margins=&#8220;,,,&#8220; rt_sp_content_margins=&#8220;,,,&#8220;][vc_column rt_bg_effect=&#8220;classic&#8220; rt_bg_image_repeat=&#8220;repeat&#8220; rt_bg_size=&#8220;auto auto&#8220; rt_bg_position=&#8220;right top&#8220; rt_bg_attachment=&#8220;scroll&#8220; rt_class=&#8220;rt-7594601&#8243; rt_margins=&#8220;,&#8220; rt_paddings=&#8220;,,,&#8220; rt_wrapper_paddings=&#8220;,,,&#8220; rt_tablet_margins=&#8220;,&#8220; rt_tablet_paddings=&#8220;,,,&#8220; rt_tablet_wrapper_paddings=&#8220;,,,&#8220; rt_sp_margins=&#8220;,&#8220; rt_sp_paddings=&#8220;3%,,,&#8220; rt_sp_wrapper_paddings=&#8220;,,,&#8220; rt_bg_color=&#8220;&#8220; rt_bg_overlay_color=&#8220;&#8220;][\/vc_column][\/vc_row][vc_row rt_row_background_width=&#8220;fullwidth&#8220; rt_row_content_width=&#8220;default&#8220; rt_row_style=&#8220;default-style&#8220; rt_row_height=&#8220;&#8220; rt_column_gaps=&#8220;&#8220; rt_row_shadows=&#8220;&#8220; rt_row_borders=&#8220;&#8220; rt_bg_effect=&#8220;classic&#8220; rt_bg_image_repeat=&#8220;repeat&#8220; rt_bg_size=&#8220;cover&#8220; [&hellip;]<\/p>\n","protected":false},"author":14,"featured_media":0,"parent":4508,"menu_order":0,"comment_status":"closed","ping_status":"closed","template":"","meta":{"footnotes":""},"_links":{"self":[{"href":"https:\/\/test1.aofi.rs\/sr\/wp-json\/wp\/v2\/pages\/4548"}],"collection":[{"href":"https:\/\/test1.aofi.rs\/sr\/wp-json\/wp\/v2\/pages"}],"about":[{"href":"https:\/\/test1.aofi.rs\/sr\/wp-json\/wp\/v2\/types\/page"}],"author":[{"embeddable":true,"href":"https:\/\/test1.aofi.rs\/sr\/wp-json\/wp\/v2\/users\/14"}],"replies":[{"embeddable":true,"href":"https:\/\/test1.aofi.rs\/sr\/wp-json\/wp\/v2\/comments?post=4548"}],"version-history":[{"count":30,"href":"https:\/\/test1.aofi.rs\/sr\/wp-json\/wp\/v2\/pages\/4548\/revisions"}],"predecessor-version":[{"id":12603,"href":"https:\/\/test1.aofi.rs\/sr\/wp-json\/wp\/v2\/pages\/4548\/revisions\/12603"}],"up":[{"embeddable":true,"href":"https:\/\/test1.aofi.rs\/sr\/wp-json\/wp\/v2\/pages\/4508"}],"wp:attachment":[{"href":"https:\/\/test1.aofi.rs\/sr\/wp-json\/wp\/v2\/media?parent=4548"}],"curies":[{"name":"wp","href":"https:\/\/api.w.org\/{rel}","templated":true}]}}