{"id":4508,"date":"2018-02-27T11:31:42","date_gmt":"2018-02-27T11:31:42","guid":{"rendered":"http:\/\/www.aofi.rs\/?page_id=4508"},"modified":"2020-08-25T07:55:35","modified_gmt":"2020-08-25T07:55:35","slug":"usluge","status":"publish","type":"page","link":"https:\/\/test1.aofi.rs\/sr\/usluge\/","title":{"rendered":"Usluge"},"content":{"rendered":"<p>[vc_row rt_row_background_width=&#8220;fullwidth&#8220; rt_row_content_width=&#8220;default&#8220; rt_row_style=&#8220;default-style&#8220; rt_row_height=&#8220;&#8220; rt_column_view=&#8220;equal_heights&#8220; rt_column_gaps=&#8220;&#8220; rt_row_shadows=&#8220;&#8220; rt_row_borders=&#8220;&#8220; rt_row_border_width=&#8220;default&#8220; rt_bg_effect=&#8220;classic&#8220; rt_bg_image_repeat=&#8220;repeat&#8220; rt_bg_size=&#8220;cover&#8220; rt_bg_position=&#8220;right top&#8220; rt_bg_attachment=&#8220;scroll&#8220; rt_bg_layer=&#8220;&#8220; rt_bg_video_format=&#8220;self-hosted&#8220; rt_row_paddings=&#8220;false&#8220; rt_class=&#8220;rt-8537142&#8243; rt_paddings=&#8220;3%,5%,,&#8220; rt_margins=&#8220;,,,&#8220; rt_content_margins=&#8220;,,,&#8220; rt_tablet_paddings=&#8220;,,,&#8220; rt_tablet_margins=&#8220;,,,&#8220; rt_tablet_content_margins=&#8220;0,,,&#8220; rt_sp_paddings=&#8220;,,,&#8220; rt_sp_margins=&#8220;,,,&#8220; rt_sp_content_margins=&#8220;0,,,&#8220; rt_bg_color=&#8220;#f4f4f4&#8243;][vc_column width=&#8220;1\/5&#8243; rt_column_boxed=&#8220;true&#8220; rt_bg_effect=&#8220;classic&#8220; rt_bg_image_repeat=&#8220;repeat&#8220; rt_bg_size=&#8220;auto auto&#8220; rt_bg_position=&#8220;right top&#8220; rt_bg_attachment=&#8220;scroll&#8220; rt_col_paddings=&#8220;true&#8220; rt_wrp_col_paddings=&#8220;false&#8220; tablet_text_align=&#8220;&#8220; mobile_text_align=&#8220;&#8220; rt_padding_top=&#8220;60&#8243; rt_padding_bottom=&#8220;60&#8243; rt_bg_color=&#8220;&#8220; rt_bg_overlay_color=&#8220;&#8220; offset=&#8220;vc_col-xs-12&#8243; rt_class=&#8220;rt-4905856&#8243; rt_margins=&#8220;,&#8220; rt_paddings=&#8220;,,,&#8220; rt_wrapper_paddings=&#8220;,,,&#8220; rt_tablet_margins=&#8220;,&#8220; rt_tablet_paddings=&#8220;,,,&#8220; rt_tablet_wrapper_paddings=&#8220;,,,&#8220; rt_sp_margins=&#8220;,&#8220; rt_sp_paddings=&#8220;,,,&#8220; rt_sp_wrapper_paddings=&#8220;,,,&#8220;]<a href=\"http:\/\/www.aofi.rs\/sr\/usluge\/osiguranje-izvoza\/\" title=\"\" target=\"\"><img class=\"retina-image aligncenter\" src=\"\" width=\"\" height=\"\" alt=\"\" srcset=\"https:\/\/test1.aofi.rs\/wp-content\/uploads\/2017\/06\/user-12-2x.png 1.3x\" style=\"margin-bottom:50px;\" \/><\/a><div class=\"rt-heading-wrapper text-center mobile-text-center rt-8124075\">\r\n\t\t\t\t\t\t<a href=\"http:\/\/www.aofi.rs\/sr\/usluge\/osiguranje-izvoza\/\" target=\"_self\" title=\"\"><h5 class=\"rt-heading primary-color\" >Osiguranje izvoza<\/h5><\/a>\r\n\t\t\t\t\t<\/div>[vc_column_text 0=&#8220;&#8220;]<\/p>\n<p style=\"text-align: left;\">Osiguranje potra\u017eivanja Vam obezbe\u0111uje sigurnost i izvesnost u naplati. U uslovima savremenog spoljnotrgovinskog poslovanja privredna dru\u0161tva su u obavljanju svojih poslova izlo\u017eena mnogobrojnim rizicima.<\/p>\n<p>[\/vc_column_text]<div class=\"button_wrapper  aligncenter arrow rounded\"><a href=\"http:\/\/www.aofi.rs\/sr\/usluge\/osiguranje-izvoza\/\" target=\"_self\" title=\"Saznajte vi\u0161e\" class=\"button_  style-1 small rt-1472518\"><span><span>Saznajte vi\u0161e<\/span><\/span><\/a><\/div>[\/vc_column][vc_column width=&#8220;1\/5&#8243; rt_column_boxed=&#8220;true&#8220; rt_bg_effect=&#8220;classic&#8220; rt_bg_image_repeat=&#8220;repeat&#8220; rt_bg_size=&#8220;auto auto&#8220; rt_bg_position=&#8220;right top&#8220; rt_bg_attachment=&#8220;scroll&#8220; rt_class=&#8220;rt-4627978&#8243; rt_margins=&#8220;,&#8220; rt_paddings=&#8220;,,,&#8220; rt_wrapper_paddings=&#8220;,,,&#8220; rt_tablet_margins=&#8220;,&#8220; rt_tablet_paddings=&#8220;,,,&#8220; rt_tablet_wrapper_paddings=&#8220;,,,&#8220; rt_sp_margins=&#8220;,&#8220; rt_sp_paddings=&#8220;,,,&#8220; rt_sp_wrapper_paddings=&#8220;,,,&#8220; rt_bg_color=&#8220;&#8220; rt_bg_overlay_color=&#8220;&#8220;]<a href=\"http:\/\/www.aofi.rs\/sr\/usluge\/izdavanje-garancija\/\" title=\"\" target=\"\"><img class=\"retina-image aligncenter\" src=\"\" width=\"\" height=\"\" alt=\"\" srcset=\"https:\/\/test1.aofi.rs\/wp-content\/uploads\/2017\/06\/handshake-2x.png 1.3x\" style=\"margin-bottom:50px;\" \/><\/a><div class=\"rt-heading-wrapper text-center mobile-text-center rt-8006839\">\r\n\t\t\t\t\t\t<a href=\"http:\/\/www.aofi.rs\/sr\/usluge\/izdavanje-garancija\/\" target=\"_self\" title=\"\"><h5 class=\"rt-heading primary-color\" >Izdavanje garancija<\/h5><\/a>\r\n\t\t\t\t\t<\/div>[vc_column_text 0=&#8220;&#8220;]<\/p>\n<p style=\"text-align: left;\">Podr\u0161ka kroz garancije podrazumeva izdavanje svih tipova garancija u kojima kupac tra\u017ei neku vrstu osiguranja koja \u0107e pokrivati izvoznikovo izvr\u0161enje posla. AOFI izdaje pored \u010dinidbenih i plative garancije.<\/p>\n<p>[\/vc_column_text]<div class=\"button_wrapper  aligncenter arrow rounded\"><a href=\"http:\/\/www.aofi.rs\/sr\/usluge\/izdavanje-garancija\/\" target=\"_self\" title=\"Saznajte vi\u0161e\" class=\"button_  style-1 small rt-1539452\"><span><span>Saznajte vi\u0161e<\/span><\/span><\/a><\/div>[\/vc_column][vc_column width=&#8220;1\/5&#8243; rt_column_boxed=&#8220;true&#8220; rt_bg_effect=&#8220;classic&#8220; rt_bg_image_repeat=&#8220;repeat&#8220; rt_bg_size=&#8220;auto auto&#8220; rt_bg_position=&#8220;right top&#8220; rt_bg_attachment=&#8220;scroll&#8220; rt_class=&#8220;rt-8168585&#8243; rt_margins=&#8220;,&#8220; rt_paddings=&#8220;,,,&#8220; rt_wrapper_paddings=&#8220;,,,&#8220; rt_tablet_margins=&#8220;,&#8220; rt_tablet_paddings=&#8220;,,,&#8220; rt_tablet_wrapper_paddings=&#8220;,,,&#8220; rt_sp_margins=&#8220;,&#8220; rt_sp_paddings=&#8220;,,,&#8220; rt_sp_wrapper_paddings=&#8220;,,,&#8220; rt_bg_color=&#8220;&#8220; rt_bg_overlay_color=&#8220;&#8220;]<a href=\"http:\/\/www.aofi.rs\/sr\/usluge\/kreditiranje\/\" title=\"\" target=\"\"><img class=\"retina-image aligncenter\" src=\"\" width=\"\" height=\"\" alt=\"\" srcset=\"https:\/\/test1.aofi.rs\/wp-content\/uploads\/2017\/06\/piggy-bank-1-2x.png 1.3x\" style=\"margin-bottom:50px;\" \/><\/a><div class=\"rt-heading-wrapper text-center mobile-text-center rt-4043989\">\r\n\t\t\t\t\t\t<a href=\"http:\/\/www.aofi.rs\/sr\/usluge\/kreditiranje\/\" target=\"_self\" title=\"\"><h5 class=\"rt-heading primary-color\" >Kratkoro\u010dno kreditiranje<\/h5><\/a>\r\n\t\t\t\t\t<\/div>[vc_column_text 0=&#8220;&#8220;]<\/p>\n<p style=\"text-align: left;\">Kratkoro\u010dno kreditiranje podrazumeva obezbe\u0111ivanje finansijskih sredstava radi finansiranja obrtnih sredstava izvoznika.<\/p>\n<p>[\/vc_column_text]<div class=\"button_wrapper  aligncenter arrow rounded\"><a href=\"http:\/\/www.aofi.rs\/sr\/usluge\/kreditiranje\/\" target=\"_self\" title=\"Saznajte vi\u0161e\" class=\"button_  style-1 small rt-5377001\"><span><span>Saznajte vi\u0161e<\/span><\/span><\/a><\/div>[\/vc_column][vc_column width=&#8220;1\/5&#8243; rt_column_boxed=&#8220;true&#8220; rt_bg_effect=&#8220;classic&#8220; rt_bg_image_repeat=&#8220;repeat&#8220; rt_bg_size=&#8220;auto auto&#8220; rt_bg_position=&#8220;right top&#8220; rt_bg_attachment=&#8220;scroll&#8220; rt_class=&#8220;rt-8291076&#8243; rt_margins=&#8220;,&#8220; rt_paddings=&#8220;,,,&#8220; rt_wrapper_paddings=&#8220;,,,&#8220; rt_tablet_margins=&#8220;,&#8220; rt_tablet_paddings=&#8220;,,,&#8220; rt_tablet_wrapper_paddings=&#8220;,,,&#8220; rt_sp_margins=&#8220;,&#8220; rt_sp_paddings=&#8220;,,,&#8220; rt_sp_wrapper_paddings=&#8220;,,,&#8220; rt_bg_color=&#8220;&#8220; rt_bg_overlay_color=&#8220;&#8220;]<a href=\"http:\/\/www.aofi.rs\/sr\/usluge\/faktoring\/\" title=\"\" target=\"\"><img class=\"retina-image aligncenter\" src=\"\" width=\"\" height=\"\" alt=\"\" srcset=\"https:\/\/test1.aofi.rs\/wp-content\/uploads\/2017\/06\/strategy-2x.png 1.3x\" style=\"margin-bottom:50px;\" \/><\/a><div class=\"rt-heading-wrapper text-center mobile-text-center rt-2097557\">\r\n\t\t\t\t\t\t<a href=\"http:\/\/www.aofi.rs\/sr\/usluge\/faktoring\/\" target=\"_self\" title=\"\"><h5 class=\"rt-heading primary-color\" >Faktoring<\/h5><\/a>\r\n\t\t\t\t\t<\/div>[vc_column_text 0=&#8220;&#8220;]<\/p>\n<p style=\"text-align: left;\">Faktoring omogu\u0107ava izvozniku da ostvari br\u017eu i sigurniju naplatu nedospelih potra\u017eivanja uz pobolj\u0161anje likvidnosti, kreditne sposobnosti i konkurentske pozicije na me\u0111unarodnom i doma\u0107em tr\u017ei\u0161tu.<\/p>\n<p>[\/vc_column_text]<div class=\"button_wrapper  aligncenter arrow rounded\"><a href=\"http:\/\/www.aofi.rs\/sr\/usluge\/faktoring\/\" target=\"_self\" title=\"Saznajte vi\u0161e\" class=\"button_  style-1 small rt-8852126\"><span><span>Saznajte vi\u0161e<\/span><\/span><\/a><\/div>[\/vc_column][vc_column width=&#8220;1\/5&#8243; rt_column_boxed=&#8220;true&#8220; rt_bg_effect=&#8220;classic&#8220; rt_bg_image_repeat=&#8220;repeat&#8220; rt_bg_size=&#8220;auto auto&#8220; rt_bg_position=&#8220;right top&#8220; rt_bg_attachment=&#8220;scroll&#8220; rt_class=&#8220;rt-9488382&#8243; rt_bg_color=&#8220;&#8220; rt_bg_overlay_color=&#8220;&#8220;]<a href=\"https:\/\/inovacije.srbijastvara.rs\/\" title=\"\" target=\"_blank\"><img class=\"retina-image aligncenter\" src=\"\" width=\"\" height=\"\" alt=\"\" srcset=\"https:\/\/test1.aofi.rs\/wp-content\/uploads\/2020\/08\/srbija-grb_wp_mali-1.jpg 1.3x\" style=\"margin-bottom:50px;\" \/><\/a><div class=\"rt-heading-wrapper text-center mobile-text-center rt-3204290\">\r\n\t\t\t\t\t\t<h5 class=\"rt-heading primary-color\" >Podr\u0161ka inovativnoj privredi<\/h5>\r\n\t\t\t\t\t<\/div>[vc_column_text]Vodi\u010d kroz mere podr\u0161ke razvoju inovativne privrede[\/vc_column_text]<div class=\"button_wrapper  aligncenter arrow rounded\"><a href=\"https:\/\/inovacije.srbijastvara.rs\/\" target=\"_blank\" title=\"Saznajte vi\u0161e\" class=\"button_  style-1 small rt-2970992\"><span><span>Saznajte vi\u0161e<\/span><\/span><\/a><\/div>[\/vc_column][\/vc_row]<\/p>\n","protected":false},"excerpt":{"rendered":"<p>[vc_row rt_row_background_width=&#8220;fullwidth&#8220; rt_row_content_width=&#8220;default&#8220; rt_row_style=&#8220;default-style&#8220; rt_row_height=&#8220;&#8220; rt_column_view=&#8220;equal_heights&#8220; rt_column_gaps=&#8220;&#8220; rt_row_shadows=&#8220;&#8220; rt_row_borders=&#8220;&#8220; rt_row_border_width=&#8220;default&#8220; rt_bg_effect=&#8220;classic&#8220; rt_bg_image_repeat=&#8220;repeat&#8220; rt_bg_size=&#8220;cover&#8220; rt_bg_position=&#8220;right top&#8220; rt_bg_attachment=&#8220;scroll&#8220; rt_bg_layer=&#8220;&#8220; rt_bg_video_format=&#8220;self-hosted&#8220; rt_row_paddings=&#8220;false&#8220; rt_class=&#8220;rt-8537142&#8243; rt_paddings=&#8220;3%,5%,,&#8220; rt_margins=&#8220;,,,&#8220; rt_content_margins=&#8220;,,,&#8220; rt_tablet_paddings=&#8220;,,,&#8220; rt_tablet_margins=&#8220;,,,&#8220; rt_tablet_content_margins=&#8220;0,,,&#8220; rt_sp_paddings=&#8220;,,,&#8220; rt_sp_margins=&#8220;,,,&#8220; rt_sp_content_margins=&#8220;0,,,&#8220; rt_bg_color=&#8220;#f4f4f4&#8243;][vc_column width=&#8220;1\/5&#8243; rt_column_boxed=&#8220;true&#8220; rt_bg_effect=&#8220;classic&#8220; rt_bg_image_repeat=&#8220;repeat&#8220; rt_bg_size=&#8220;auto auto&#8220; rt_bg_position=&#8220;right top&#8220; rt_bg_attachment=&#8220;scroll&#8220; rt_col_paddings=&#8220;true&#8220; rt_wrp_col_paddings=&#8220;false&#8220; tablet_text_align=&#8220;&#8220; mobile_text_align=&#8220;&#8220; rt_padding_top=&#8220;60&#8243; rt_padding_bottom=&#8220;60&#8243; rt_bg_color=&#8220;&#8220; rt_bg_overlay_color=&#8220;&#8220; offset=&#8220;vc_col-xs-12&#8243; rt_class=&#8220;rt-4905856&#8243; rt_margins=&#8220;,&#8220; rt_paddings=&#8220;,,,&#8220; rt_wrapper_paddings=&#8220;,,,&#8220; rt_tablet_margins=&#8220;,&#8220; rt_tablet_paddings=&#8220;,,,&#8220; rt_tablet_wrapper_paddings=&#8220;,,,&#8220; [&hellip;]<\/p>\n","protected":false},"author":14,"featured_media":0,"parent":0,"menu_order":0,"comment_status":"closed","ping_status":"closed","template":"","meta":{"footnotes":""},"_links":{"self":[{"href":"https:\/\/test1.aofi.rs\/sr\/wp-json\/wp\/v2\/pages\/4508"}],"collection":[{"href":"https:\/\/test1.aofi.rs\/sr\/wp-json\/wp\/v2\/pages"}],"about":[{"href":"https:\/\/test1.aofi.rs\/sr\/wp-json\/wp\/v2\/types\/page"}],"author":[{"embeddable":true,"href":"https:\/\/test1.aofi.rs\/sr\/wp-json\/wp\/v2\/users\/14"}],"replies":[{"embeddable":true,"href":"https:\/\/test1.aofi.rs\/sr\/wp-json\/wp\/v2\/comments?post=4508"}],"version-history":[{"count":17,"href":"https:\/\/test1.aofi.rs\/sr\/wp-json\/wp\/v2\/pages\/4508\/revisions"}],"predecessor-version":[{"id":11453,"href":"https:\/\/test1.aofi.rs\/sr\/wp-json\/wp\/v2\/pages\/4508\/revisions\/11453"}],"wp:attachment":[{"href":"https:\/\/test1.aofi.rs\/sr\/wp-json\/wp\/v2\/media?parent=4508"}],"curies":[{"name":"wp","href":"https:\/\/api.w.org\/{rel}","templated":true}]}}