{"id":11806,"date":"2021-08-18T10:42:38","date_gmt":"2021-08-18T10:42:38","guid":{"rendered":"https:\/\/www.aofi.rs\/?page_id=11806"},"modified":"2024-02-09T20:32:51","modified_gmt":"2024-02-09T20:32:51","slug":"program-promocije-razvoja-romskog-preduzetnistva","status":"publish","type":"page","link":"https:\/\/test1.aofi.rs\/sr\/usluge\/program-promocije-razvoja-romskog-preduzetnistva\/","title":{"rendered":"Program promocije razvoja romskog preduzetni\u0161tva"},"content":{"rendered":"<p>[vc_row rt_row_background_width=&#8220;fullwidth&#8220; rt_row_content_width=&#8220;default&#8220; rt_row_style=&#8220;default-style&#8220; rt_row_height=&#8220;&#8220; rt_column_gaps=&#8220;&#8220; rt_row_shadows=&#8220;&#8220; rt_row_borders=&#8220;&#8220; rt_bg_effect=&#8220;classic&#8220; rt_bg_image_repeat=&#8220;repeat&#8220; rt_bg_size=&#8220;cover&#8220; rt_bg_position=&#8220;right top&#8220; rt_bg_attachment=&#8220;scroll&#8220; rt_bg_layer=&#8220;&#8220; rt_bg_video_format=&#8220;self-hosted&#8220; rt_class=&#8220;rt-2083338&#8243; rt_paddings=&#8220;5%,,,&#8220; rt_margins=&#8220;,,,&#8220; rt_content_margins=&#8220;,,,&#8220; rt_tablet_paddings=&#8220;,,,&#8220; rt_tablet_margins=&#8220;,,,&#8220; rt_tablet_content_margins=&#8220;,,,&#8220; rt_sp_paddings=&#8220;,,,&#8220; rt_sp_margins=&#8220;,,,&#8220; rt_sp_content_margins=&#8220;,,,&#8220;][vc_column rt_bg_effect=&#8220;classic&#8220; rt_bg_image_repeat=&#8220;repeat&#8220; rt_bg_size=&#8220;auto auto&#8220; rt_bg_position=&#8220;right top&#8220; rt_bg_attachment=&#8220;scroll&#8220; rt_class=&#8220;rt-7594601&#8243; rt_margins=&#8220;,&#8220; rt_paddings=&#8220;,,,&#8220; rt_wrapper_paddings=&#8220;,,,&#8220; rt_tablet_margins=&#8220;,&#8220; rt_tablet_paddings=&#8220;,,,&#8220; rt_tablet_wrapper_paddings=&#8220;,,,&#8220; rt_sp_margins=&#8220;,&#8220; rt_sp_paddings=&#8220;3%,,,&#8220; rt_sp_wrapper_paddings=&#8220;,,,&#8220; rt_bg_color=&#8220;&#8220; rt_bg_overlay_color=&#8220;&#8220;]\r\n\t\t<article class=\"content-box content-box2 content-padding\">\r\n\t\t<div class=\"rt-heading-wrapper style-1\">\r\n\t\t\t\t\t\t<h4 class=\"rt-heading style-1\" >Ukratko o programu<\/h4>\r\n\t\t\t\t\t<\/div>\r\n\t\t<div class=\"content-holder\">\r\n\t\t\t<p>Zakonom o bud\u017eetu Republike Srbije za 2021. godinu (\u201eSlu\u017ebeni glasnik RS\u201d, br. 149\/20 i 40\/21) obezbe\u0111ena su sredstva u iznosu od 120.000.000,00 dinara za realizaciju Programa promocije razvoja romskog preduzetni\u0161tva (u daljem tekstu: Program), a u skladu sa Zaklju\u010dkom Vlade 05 Broj: 023-28-2876\/2021-1 od 1. aprila 2021. godine.<\/p>\n<p>Jedna od dve komponente programa je odobrenje povoljnih bankarskih kredita od strane Banke Po\u0161tanske \u0161tedionice a.d. Beograd (u daljem tekstu: Banka) iz sopstvenih izvora, za koje \u0107e Agencija za osiguranje i finansiranje izvoza Republike Srbije a.d. U\u017eice (u daljem tekstu: AOFI) izdavati garancije.<\/p>\n<p>Pravo da podnesu zahtev za kredit kod banke imaju mikro, mala i srednja privredna dru\u0161tva (u daljem tekstu: MMSP) \u010diji su osniva\u010di rezidenti romske nacionalnosti kao i preduzetnici romske nacionalnosti, \u0161to se potvr\u0111uje dostavljenom izjavom.<\/p>\n<p><strong>Ovim putem AOFI poziva sve zainteresovane privredne subjekte koji ispunjavaju navedeni uslov da podnesu zahtev za kredit kod Banke.<\/strong><\/p>\n\r\n\t\t\t\r\n\t\t<\/div>\r\n\t\t<\/article>\r\n\t\t[\/vc_column][\/vc_row][vc_row rt_row_background_width=&#8220;fullwidth&#8220; rt_row_content_width=&#8220;default&#8220; rt_row_style=&#8220;default-style&#8220; rt_row_height=&#8220;&#8220; rt_column_gaps=&#8220;&#8220; rt_row_shadows=&#8220;&#8220; rt_row_borders=&#8220;&#8220; rt_bg_effect=&#8220;classic&#8220; rt_bg_image_repeat=&#8220;repeat&#8220; rt_bg_size=&#8220;cover&#8220; rt_bg_position=&#8220;right top&#8220; rt_bg_attachment=&#8220;scroll&#8220; rt_bg_layer=&#8220;&#8220; rt_bg_video_format=&#8220;self-hosted&#8220; rt_class=&#8220;rt-1661876&#8243; rt_paddings=&#8220;1%,3%,,&#8220; rt_margins=&#8220;,,,&#8220; rt_content_margins=&#8220;,,,&#8220; rt_tablet_paddings=&#8220;,,,&#8220; rt_tablet_margins=&#8220;,,,&#8220; rt_tablet_content_margins=&#8220;,,,&#8220; rt_sp_paddings=&#8220;,,,&#8220; rt_sp_margins=&#8220;,,,&#8220; rt_sp_content_margins=&#8220;,,,&#8220;][vc_column rt_bg_effect=&#8220;classic&#8220; rt_bg_image_repeat=&#8220;repeat&#8220; rt_bg_size=&#8220;auto auto&#8220; rt_bg_position=&#8220;right top&#8220; rt_bg_attachment=&#8220;scroll&#8220; rt_col_paddings=&#8220;true&#8220; rt_wrp_col_paddings=&#8220;false&#8220; rt_class=&#8220;rt-6248668&#8243; rt_margins=&#8220;,&#8220; rt_paddings=&#8220;40px,40px,,&#8220; rt_wrapper_paddings=&#8220;,,,&#8220; rt_tablet_margins=&#8220;,&#8220; rt_tablet_paddings=&#8220;,,,&#8220; rt_tablet_wrapper_paddings=&#8220;,,,&#8220; rt_sp_margins=&#8220;,&#8220; rt_sp_paddings=&#8220;5%,0px,,&#8220; rt_sp_wrapper_paddings=&#8220;,,,&#8220; rt_bg_color=&#8220;&#8220; rt_bg_overlay_color=&#8220;&#8220;]\r\n\t\t<article class=\"content-box content-box2 content-padding\">\r\n\t\t<div class=\"rt-heading-wrapper style-1\">\r\n\t\t\t\t\t\t<a href=\"#\" target=\"_self\" title=\"\"><h4 class=\"rt-heading style-1\" >Preuzmite dokumenta:<\/h4><\/a>\r\n\t\t\t\t\t<\/div>\r\n\t\t<div class=\"content-holder\">\r\n\t\t\t\n<div  class=\"bullet-list style-1  arrow\">\n<ul>\n<li><a href=\"https:\/\/www.aofi.rs\/wp-content\/uploads\/2021\/08\/Oglas-javni-poziv-za-podnosenje-zahteva-za-kredite.doc\">Oglas &#8211; javni poziv za podno\u0161enje zahteva za kredite<\/a><\/li>\n<li><a href=\"https:\/\/www.aofi.rs\/wp-content\/uploads\/2021\/09\/Zahtev-za-kredit.doc\">Zahtev za kredit<\/a><\/li>\n<li><a href=\"https:\/\/www.aofi.rs\/wp-content\/uploads\/2021\/08\/Izjava-1.docx\">Izjava 1<\/a><\/li>\n<li><a href=\"https:\/\/www.aofi.rs\/wp-content\/uploads\/2021\/08\/Izjava-2.docx\">Izjava 2<\/a><\/li>\n<li><a href=\"https:\/\/www.aofi.rs\/wp-content\/uploads\/2021\/08\/Izjava-3.docx\">Izjava 3<\/a><\/li>\n<li><a href=\"https:\/\/www.aofi.rs\/wp-content\/uploads\/2021\/08\/Izjava-4.docx\">Izjava 4<\/a><\/li>\n<li><a href=\"https:\/\/www.aofi.rs\/wp-content\/uploads\/2021\/08\/Izjava-5.docx\">Izjava 5<\/a><\/li>\n<li><a href=\"https:\/\/www.aofi.rs\/wp-content\/uploads\/2021\/08\/Izjava-6.docx\">Izjava 6<\/a><\/li>\n<li><a href=\"https:\/\/www.aofi.rs\/wp-content\/uploads\/2021\/08\/Program-promocije-razvoja-romskog-preduzetnistva.pdf\">Program promocije razvoja romskog preduzetni\u0161tva<\/a><\/li>\n<li><a href=\"https:\/\/www.aofi.rs\/wp-content\/uploads\/2023\/01\/Zakljucak-o-o-usvajanju-Programa-o-izmenama-programa-promocije-romskog-preduzetnistva-1.pdf\" target=\"_blank\" rel=\"noopener\">Program o izmenama programa promocije razvoja romskog preduzetni\u0161tva<\/a><\/li>\n<\/ul><\/div>\n\r\n\t\t\t\r\n\t\t<\/div>\r\n\t\t<\/article>\r\n\t\t[\/vc_column][\/vc_row]<\/p>\n","protected":false},"excerpt":{"rendered":"<p>[vc_row rt_row_background_width=&#8220;fullwidth&#8220; rt_row_content_width=&#8220;default&#8220; rt_row_style=&#8220;default-style&#8220; rt_row_height=&#8220;&#8220; rt_column_gaps=&#8220;&#8220; rt_row_shadows=&#8220;&#8220; rt_row_borders=&#8220;&#8220; rt_bg_effect=&#8220;classic&#8220; rt_bg_image_repeat=&#8220;repeat&#8220; rt_bg_size=&#8220;cover&#8220; rt_bg_position=&#8220;right top&#8220; rt_bg_attachment=&#8220;scroll&#8220; rt_bg_layer=&#8220;&#8220; rt_bg_video_format=&#8220;self-hosted&#8220; rt_class=&#8220;rt-2083338&#8243; rt_paddings=&#8220;5%,,,&#8220; rt_margins=&#8220;,,,&#8220; rt_content_margins=&#8220;,,,&#8220; rt_tablet_paddings=&#8220;,,,&#8220; rt_tablet_margins=&#8220;,,,&#8220; rt_tablet_content_margins=&#8220;,,,&#8220; rt_sp_paddings=&#8220;,,,&#8220; rt_sp_margins=&#8220;,,,&#8220; rt_sp_content_margins=&#8220;,,,&#8220;][vc_column rt_bg_effect=&#8220;classic&#8220; rt_bg_image_repeat=&#8220;repeat&#8220; rt_bg_size=&#8220;auto auto&#8220; rt_bg_position=&#8220;right top&#8220; rt_bg_attachment=&#8220;scroll&#8220; rt_class=&#8220;rt-7594601&#8243; rt_margins=&#8220;,&#8220; rt_paddings=&#8220;,,,&#8220; rt_wrapper_paddings=&#8220;,,,&#8220; rt_tablet_margins=&#8220;,&#8220; rt_tablet_paddings=&#8220;,,,&#8220; rt_tablet_wrapper_paddings=&#8220;,,,&#8220; rt_sp_margins=&#8220;,&#8220; rt_sp_paddings=&#8220;3%,,,&#8220; rt_sp_wrapper_paddings=&#8220;,,,&#8220; rt_bg_color=&#8220;&#8220; rt_bg_overlay_color=&#8220;&#8220;][\/vc_column][\/vc_row][vc_row rt_row_background_width=&#8220;fullwidth&#8220; rt_row_content_width=&#8220;default&#8220; rt_row_style=&#8220;default-style&#8220; rt_row_height=&#8220;&#8220; rt_column_gaps=&#8220;&#8220; rt_row_shadows=&#8220;&#8220; rt_row_borders=&#8220;&#8220; rt_bg_effect=&#8220;classic&#8220; rt_bg_image_repeat=&#8220;repeat&#8220; rt_bg_size=&#8220;cover&#8220; [&hellip;]<\/p>\n","protected":false},"author":14,"featured_media":0,"parent":4508,"menu_order":0,"comment_status":"closed","ping_status":"closed","template":"","meta":{"footnotes":""},"_links":{"self":[{"href":"https:\/\/test1.aofi.rs\/sr\/wp-json\/wp\/v2\/pages\/11806"}],"collection":[{"href":"https:\/\/test1.aofi.rs\/sr\/wp-json\/wp\/v2\/pages"}],"about":[{"href":"https:\/\/test1.aofi.rs\/sr\/wp-json\/wp\/v2\/types\/page"}],"author":[{"embeddable":true,"href":"https:\/\/test1.aofi.rs\/sr\/wp-json\/wp\/v2\/users\/14"}],"replies":[{"embeddable":true,"href":"https:\/\/test1.aofi.rs\/sr\/wp-json\/wp\/v2\/comments?post=11806"}],"version-history":[{"count":3,"href":"https:\/\/test1.aofi.rs\/sr\/wp-json\/wp\/v2\/pages\/11806\/revisions"}],"predecessor-version":[{"id":12604,"href":"https:\/\/test1.aofi.rs\/sr\/wp-json\/wp\/v2\/pages\/11806\/revisions\/12604"}],"up":[{"embeddable":true,"href":"https:\/\/test1.aofi.rs\/sr\/wp-json\/wp\/v2\/pages\/4508"}],"wp:attachment":[{"href":"https:\/\/test1.aofi.rs\/sr\/wp-json\/wp\/v2\/media?parent=11806"}],"curies":[{"name":"wp","href":"https:\/\/api.w.org\/{rel}","templated":true}]}}