{"id":5257,"date":"2018-02-26T12:08:45","date_gmt":"2018-02-26T12:08:45","guid":{"rendered":"http:\/\/www.aofi.rs\/organizaciona-struktura\/"},"modified":"2023-11-02T00:23:37","modified_gmt":"2023-11-02T00:23:37","slug":"organizational-scheme","status":"publish","type":"page","link":"https:\/\/test1.aofi.rs\/en\/about-us\/organizational-scheme\/","title":{"rendered":"Organizational Scheme"},"content":{"rendered":"<p>[vc_row rt_row_background_width=&#8221;fullwidth&#8221; rt_row_content_width=&#8221;default&#8221; rt_row_style=&#8221;default-style&#8221; rt_row_height=&#8221;&#8221; rt_column_gaps=&#8221;&#8221; rt_row_shadows=&#8221;&#8221; rt_row_borders=&#8221;&#8221; rt_bg_effect=&#8221;classic&#8221; rt_bg_image_repeat=&#8221;repeat&#8221; rt_bg_size=&#8221;cover&#8221; rt_bg_position=&#8221;right top&#8221; rt_bg_attachment=&#8221;scroll&#8221; rt_bg_layer=&#8221;&#8221; rt_bg_video_format=&#8221;self-hosted&#8221; rt_class=&#8221;rt-3456849&#8243; rt_paddings=&#8221;5%,0px,,&#8221; rt_margins=&#8221;,,,&#8221; rt_content_margins=&#8221;,,,&#8221; rt_tablet_paddings=&#8221;,,,&#8221; rt_tablet_margins=&#8221;,,,&#8221; rt_tablet_content_margins=&#8221;,,,&#8221; rt_sp_paddings=&#8221;,,,&#8221; rt_sp_margins=&#8221;,,,&#8221; rt_sp_content_margins=&#8221;,,,&#8221;][vc_column width=&#8221;1\/2&#8243; rt_bg_effect=&#8221;classic&#8221; rt_bg_image_repeat=&#8221;repeat&#8221; rt_bg_size=&#8221;auto auto&#8221; rt_bg_position=&#8221;right top&#8221; rt_bg_attachment=&#8221;scroll&#8221;]\r\n\t\t<article class=\"content-box content-box2 content-padding\">\r\n\t\t<div class=\"rt-heading-wrapper style-1\">\r\n\t\t\t\t\t\t<h4 class=\"rt-heading style-1\" >AOFI team<\/h4>\r\n\t\t\t\t\t<\/div>\r\n\t\t<div class=\"content-holder\">\r\n\t\t\t<p><strong>Assembly<\/strong><br \/>\nNikola Nikolovski, President<br \/>\nLjubi\u0161a Djurovi\u0107, member<br \/>\nTanja Nauparac, member<br \/>\nVerica Lazi\u0107, member<br \/>\nDragana Bla\u017ei\u0107, Member<\/p>\n<p><strong>Board of directors<\/strong><br \/>\nRade Petrovi\u0107, President<br \/>\nNikola Velji\u0107, Deputy Chairperson<br \/>\n\u0110or\u0111e Joksi\u0107, member<br \/>\nGoran Nikoli\u0107, member<br \/>\nNikola Rabrenovi\u0107, member<\/p>\n<p><strong>Executive Board<\/strong><br \/>\nDejan Vukoti\u0107, President<br \/>\nDanilo \u0106irkovi\u0107, member<br \/>\nNikola Tegeltija, member<\/p>\n<p><strong>Credit insurance<\/strong><br \/>\nIvan Savi\u0107, Head of Sector\/ commercial risks<br \/>\nMarija Ivanji, Head of Sector\/ non-commercial risks<\/p>\n<p><strong>Short-term financing<\/strong><br \/>\nPetar Pavlovi\u0107, Head of Sector<\/p>\n<p><strong>Guarantees<\/strong><br \/>\nVesna Joveti\u0107, Head of Sector<\/p>\n<p><strong>Factoring<\/strong><br \/>\nTanja Kursar, Head of Sector<\/p>\n\r\n\t\t\t\r\n\t\t<\/div>\r\n\t\t<\/article>\r\n\t\t[\/vc_column][\/vc_row]<\/p>\n","protected":false},"excerpt":{"rendered":"<p>[vc_row rt_row_background_width=&#8221;fullwidth&#8221; rt_row_content_width=&#8221;default&#8221; rt_row_style=&#8221;default-style&#8221; rt_row_height=&#8221;&#8221; rt_column_gaps=&#8221;&#8221; rt_row_shadows=&#8221;&#8221; rt_row_borders=&#8221;&#8221; rt_bg_effect=&#8221;classic&#8221; rt_bg_image_repeat=&#8221;repeat&#8221; rt_bg_size=&#8221;cover&#8221; rt_bg_position=&#8221;right top&#8221; rt_bg_attachment=&#8221;scroll&#8221; rt_bg_layer=&#8221;&#8221; rt_bg_video_format=&#8221;self-hosted&#8221; rt_class=&#8221;rt-3456849&#8243; rt_paddings=&#8221;5%,0px,,&#8221; rt_margins=&#8221;,,,&#8221; rt_content_margins=&#8221;,,,&#8221; rt_tablet_paddings=&#8221;,,,&#8221; rt_tablet_margins=&#8221;,,,&#8221; rt_tablet_content_margins=&#8221;,,,&#8221; rt_sp_paddings=&#8221;,,,&#8221; rt_sp_margins=&#8221;,,,&#8221; rt_sp_content_margins=&#8221;,,,&#8221;][vc_column width=&#8221;1\/2&#8243; rt_bg_effect=&#8221;classic&#8221; rt_bg_image_repeat=&#8221;repeat&#8221; rt_bg_size=&#8221;auto auto&#8221; rt_bg_position=&#8221;right top&#8221; rt_bg_attachment=&#8221;scroll&#8221;][\/vc_column][\/vc_row]<\/p>\n","protected":false},"author":14,"featured_media":0,"parent":5273,"menu_order":0,"comment_status":"closed","ping_status":"closed","template":"","meta":{"footnotes":""},"_links":{"self":[{"href":"https:\/\/test1.aofi.rs\/en\/wp-json\/wp\/v2\/pages\/5257"}],"collection":[{"href":"https:\/\/test1.aofi.rs\/en\/wp-json\/wp\/v2\/pages"}],"about":[{"href":"https:\/\/test1.aofi.rs\/en\/wp-json\/wp\/v2\/types\/page"}],"author":[{"embeddable":true,"href":"https:\/\/test1.aofi.rs\/en\/wp-json\/wp\/v2\/users\/14"}],"replies":[{"embeddable":true,"href":"https:\/\/test1.aofi.rs\/en\/wp-json\/wp\/v2\/comments?post=5257"}],"version-history":[{"count":8,"href":"https:\/\/test1.aofi.rs\/en\/wp-json\/wp\/v2\/pages\/5257\/revisions"}],"predecessor-version":[{"id":12573,"href":"https:\/\/test1.aofi.rs\/en\/wp-json\/wp\/v2\/pages\/5257\/revisions\/12573"}],"up":[{"embeddable":true,"href":"https:\/\/test1.aofi.rs\/en\/wp-json\/wp\/v2\/pages\/5273"}],"wp:attachment":[{"href":"https:\/\/test1.aofi.rs\/en\/wp-json\/wp\/v2\/media?parent=5257"}],"curies":[{"name":"wp","href":"https:\/\/api.w.org\/{rel}","templated":true}]}}