{"id":5250,"date":"2018-02-27T13:44:13","date_gmt":"2018-02-27T13:44:13","guid":{"rendered":"http:\/\/www.aofi.rs\/kratkorocno-kreditiranje\/"},"modified":"2018-11-29T07:33:18","modified_gmt":"2018-11-29T07:33:18","slug":"financing","status":"publish","type":"page","link":"https:\/\/test1.aofi.rs\/en\/services\/financing\/","title":{"rendered":"Financing"},"content":{"rendered":"<p>[vc_row rt_row_background_width=&#8221;fullwidth&#8221; rt_row_content_width=&#8221;default&#8221; rt_row_style=&#8221;default-style&#8221; rt_row_height=&#8221;&#8221; rt_column_gaps=&#8221;&#8221; rt_row_shadows=&#8221;&#8221; rt_row_borders=&#8221;&#8221; rt_bg_effect=&#8221;classic&#8221; rt_bg_image_repeat=&#8221;repeat&#8221; rt_bg_size=&#8221;cover&#8221; rt_bg_position=&#8221;right top&#8221; rt_bg_attachment=&#8221;scroll&#8221; rt_bg_layer=&#8221;&#8221; rt_bg_video_format=&#8221;self-hosted&#8221; rt_class=&#8221;rt-2083338&#8243; rt_paddings=&#8221;5%,,,&#8221; rt_margins=&#8221;,,,&#8221; rt_content_margins=&#8221;,,,&#8221; rt_tablet_paddings=&#8221;,,,&#8221; rt_tablet_margins=&#8221;,,,&#8221; rt_tablet_content_margins=&#8221;,,,&#8221; rt_sp_paddings=&#8221;,,,&#8221; rt_sp_margins=&#8221;,,,&#8221; rt_sp_content_margins=&#8221;,,,&#8221;][vc_column rt_bg_effect=&#8221;classic&#8221; rt_bg_image_repeat=&#8221;repeat&#8221; rt_bg_size=&#8221;auto auto&#8221; rt_bg_position=&#8221;right top&#8221; rt_bg_attachment=&#8221;scroll&#8221; rt_class=&#8221;rt-4114766&#8243; rt_margins=&#8221;,&#8221; rt_paddings=&#8221;,,,&#8221; rt_wrapper_paddings=&#8221;,,,&#8221; rt_tablet_margins=&#8221;,&#8221; rt_tablet_paddings=&#8221;,,,&#8221; rt_tablet_wrapper_paddings=&#8221;,,,&#8221; rt_sp_margins=&#8221;,&#8221; rt_sp_paddings=&#8221;3%,,,&#8221; rt_sp_wrapper_paddings=&#8221;,,,&#8221; rt_bg_color=&#8221;&#8221; rt_bg_overlay_color=&#8221;&#8221;]\r\n\t\t<article class=\"content-box content-box2 content-padding\">\r\n\t\t<div class=\"rt-heading-wrapper style-1\">\r\n\t\t\t\t\t\t<h4 class=\"rt-heading style-1\" >What is short-term financing?<\/h4>\r\n\t\t\t\t\t<\/div>\r\n\t\t<div class=\"content-holder\">\r\n\t\t\t<p>Short-term financing implies provision of financial assets with the aim of financing the Exporter\u2019s working capital.<\/p>\n\r\n\t\t\t\r\n\t\t<\/div>\r\n\t\t<\/article>\r\n\t\t[\/vc_column][\/vc_row][vc_row rt_row_background_width=&#8221;fullwidth&#8221; rt_row_content_width=&#8221;default&#8221; rt_row_style=&#8221;default-style&#8221; rt_row_height=&#8221;&#8221; rt_column_gaps=&#8221;&#8221; rt_row_shadows=&#8221;&#8221; rt_row_borders=&#8221;&#8221; rt_bg_effect=&#8221;classic&#8221; rt_bg_image_repeat=&#8221;repeat&#8221; rt_bg_size=&#8221;cover&#8221; rt_bg_position=&#8221;right top&#8221; rt_bg_attachment=&#8221;scroll&#8221; rt_bg_layer=&#8221;&#8221; rt_bg_video_format=&#8221;self-hosted&#8221; rt_class=&#8221;rt-4612919&#8243; rt_paddings=&#8221;2%,3%,,&#8221; rt_margins=&#8221;,,,&#8221; rt_content_margins=&#8221;,,,&#8221; rt_tablet_paddings=&#8221;,,,&#8221; rt_tablet_margins=&#8221;,,,&#8221; rt_tablet_content_margins=&#8221;,,,&#8221; rt_sp_paddings=&#8221;,,,&#8221; rt_sp_margins=&#8221;,,,&#8221; rt_sp_content_margins=&#8221;,,,&#8221;][vc_column rt_bg_effect=&#8221;classic&#8221; rt_bg_image_repeat=&#8221;repeat&#8221; rt_bg_size=&#8221;auto auto&#8221; rt_bg_position=&#8221;right top&#8221; rt_bg_attachment=&#8221;scroll&#8221;]\r\n\t\t<article class=\"content-box content-box2 content-padding\">\r\n\t\t<div class=\"rt-heading-wrapper style-1\">\r\n\t\t\t\t\t\t<h4 class=\"rt-heading style-1\" >Benefits of short-term financing:<\/h4>\r\n\t\t\t\t\t<\/div>\r\n\t\t<div class=\"content-holder\">\r\n\t\t\t\n<div  class=\"bullet-list style-1  check\">\n<ul>\n<li><em>Liquidity<\/em> improvement;<\/li>\n<li><em>A simplified procedure<\/em> for provision of a loan in comparison to long-term loans;<\/li>\n<li><em>Suitability of the service<\/em> for the exporter\u2019s needs.<\/li>\n<\/ul><\/div>\n\r\n\t\t\t\r\n\t\t<\/div>\r\n\t\t<\/article>\r\n\t\t[\/vc_column][\/vc_row][vc_row rt_row_background_width=&#8221;fullwidth&#8221; rt_row_content_width=&#8221;default&#8221; rt_row_style=&#8221;alt-style-1&#8243; rt_row_height=&#8221;&#8221; rt_column_gaps=&#8221;&#8221; rt_row_shadows=&#8221;&#8221; rt_row_borders=&#8221;&#8221; rt_bg_effect=&#8221;classic&#8221; rt_bg_image_repeat=&#8221;no-repeat&#8221; rt_bg_size=&#8221;auto auto&#8221; rt_bg_position=&#8221;right center&#8221; rt_bg_attachment=&#8221;scroll&#8221; rt_bg_layer=&#8221;&#8221; rt_bg_video_format=&#8221;self-hosted&#8221; rt_class=&#8221;rt-1052466&#8243; rt_paddings=&#8221;40px,40px,,&#8221; rt_margins=&#8221;,,,&#8221; rt_content_margins=&#8221;,,,&#8221; rt_tablet_paddings=&#8221;,,,&#8221; rt_tablet_margins=&#8221;,,,&#8221; rt_tablet_content_margins=&#8221;,,,&#8221; rt_sp_paddings=&#8221;,,,&#8221; rt_sp_margins=&#8221;,,,&#8221; rt_sp_content_margins=&#8221;,,,&#8221; rt_bg_image=&#8221;4046&#8243; rt_bg_color=&#8221;#000000&#8243;][vc_column rt_bg_effect=&#8221;classic&#8221; rt_bg_image_repeat=&#8221;repeat&#8221; rt_bg_size=&#8221;auto auto&#8221; rt_bg_position=&#8221;right top&#8221; rt_bg_attachment=&#8221;scroll&#8221;]<div class=\"rt-heading-wrapper style-1 rt-5105689\">\r\n\t\t\t\t\t\t<h4 class=\"rt-heading style-1\" >EXPORTERS FINANCING PROGRAMMES:<\/h4>\r\n\t\t\t\t\t<\/div><div  class=\"rt-toggle  numbered\"><ol><li  class=\"\"><div class=\"toggle-head\"><div class=\"toggle-number\">1<\/div><div class=\"toggle-title\"> Direct short-term Exporter\u2019s financing<\/div><\/div><div class=\"toggle-content\"><\/div><\/li><\/ol><\/div>[\/vc_column][\/vc_row][vc_row disable_element=&#8221;yes&#8221; rt_row_background_width=&#8221;fullwidth&#8221; rt_row_content_width=&#8221;default&#8221; rt_row_style=&#8221;light-style&#8221; rt_row_height=&#8221;&#8221; rt_column_gaps=&#8221;&#8221; rt_row_shadows=&#8221;&#8221; rt_row_borders=&#8221;&#8221; rt_bg_effect=&#8221;classic&#8221; rt_bg_image_repeat=&#8221;no-repeat&#8221; rt_bg_size=&#8221;auto auto&#8221; rt_bg_position=&#8221;right center&#8221; rt_bg_attachment=&#8221;scroll&#8221; rt_bg_layer=&#8221;&#8221; rt_bg_video_format=&#8221;self-hosted&#8221; rt_row_paddings=&#8221;true&#8221; rt_bg_image=&#8221;4046&#8243; rt_padding_top=&#8221;80&#8243; rt_padding_bottom=&#8221;30&#8243; rt_class=&#8221;rt-1857739&#8243; rt_paddings=&#8221;40,40,,&#8221; rt_margins=&#8221;,,,&#8221; rt_content_margins=&#8221;,,,&#8221; rt_tablet_paddings=&#8221;,,,&#8221; rt_tablet_margins=&#8221;,,,&#8221; rt_tablet_content_margins=&#8221;,,,&#8221; rt_sp_paddings=&#8221;,,,&#8221; rt_sp_margins=&#8221;,,,&#8221; rt_sp_content_margins=&#8221;,,,&#8221;][vc_column width=&#8221;1\/2&#8243; tablet_align=&#8221;center&#8221; mobile_align=&#8221;center&#8221; rt_bg_effect=&#8221;classic&#8221; rt_bg_image_repeat=&#8221;repeat&#8221; rt_bg_size=&#8221;auto auto&#8221; rt_bg_position=&#8221;right top&#8221; rt_bg_attachment=&#8221;scroll&#8221; rt_col_paddings=&#8221;true&#8221; rt_wrp_col_paddings=&#8221;false&#8221; tablet_text_align=&#8221;&#8221; mobile_text_align=&#8221;&#8221; rt_padding_top=&#8221;40&#8243; rt_padding_bottom=&#8221;40&#8243; rt_bg_color=&#8221;&#8221; rt_bg_overlay_color=&#8221;&#8221; offset=&#8221;vc_col-md-6&#8243; rt_class=&#8221;rt-5017998&#8243; rt_margins=&#8221;,&#8221; rt_paddings=&#8221;40px,40px,,&#8221; rt_wrapper_paddings=&#8221;,,,&#8221; rt_tablet_margins=&#8221;,&#8221; rt_tablet_paddings=&#8221;,,,&#8221; rt_tablet_wrapper_paddings=&#8221;,,,&#8221; rt_sp_margins=&#8221;,&#8221; rt_sp_paddings=&#8221;0px,0px,,&#8221; rt_sp_wrapper_paddings=&#8221;,,,&#8221;]<div class=\"rt-heading-wrapper style-1 rt-9633039\">\r\n\t\t\t\t\t\t<h4 class=\"rt-heading style-1\" >PROGRAMI FINANSIRANjA IZVOZNIKA:<\/h4>\r\n\t\t\t\t\t<\/div><div  class=\"rt-toggle  numbered\"><ol><li  class=\"\"><div class=\"toggle-head\"><div class=\"toggle-number\">1<\/div><div class=\"toggle-title\">1. Direktno kreditiranje<\/div><\/div><div class=\"toggle-content\"><p>AOFI obezbe\u0111uje kratkoro\u010dne kredite izvoznim preduze\u0107ima po uslovima koji se mogu preuzeti na dnu stranice.<\/p>\n<\/div><\/li><li  class=\"\"><div class=\"toggle-head\"><div class=\"toggle-number\">2<\/div><div class=\"toggle-title\">Content 2<\/div><\/div><div class=\"toggle-content\"><p>I am text block. Click edit button to change this text.<\/p>\n<\/div><\/li><li  class=\"\"><div class=\"toggle-head\"><div class=\"toggle-number\">3<\/div><div class=\"toggle-title\">Content 2<\/div><\/div><div class=\"toggle-content\"><p>I am text block. Click edit button to change this text.<\/p>\n<\/div><\/li><\/ol><\/div>[\/vc_column][vc_column width=&#8221;1\/2&#8243; rt_bg_effect=&#8221;classic&#8221; rt_bg_image_repeat=&#8221;repeat&#8221; rt_bg_size=&#8221;auto auto&#8221; rt_bg_position=&#8221;right top&#8221; rt_bg_attachment=&#8221;scroll&#8221;][\/vc_column][\/vc_row][vc_row rt_row_background_width=&#8221;fullwidth&#8221; rt_row_content_width=&#8221;default&#8221; rt_row_style=&#8221;default-style&#8221; rt_row_height=&#8221;&#8221; rt_column_gaps=&#8221;&#8221; rt_row_shadows=&#8221;&#8221; rt_row_borders=&#8221;&#8221; rt_bg_effect=&#8221;classic&#8221; rt_bg_image_repeat=&#8221;repeat&#8221; rt_bg_size=&#8221;cover&#8221; rt_bg_position=&#8221;right top&#8221; rt_bg_attachment=&#8221;scroll&#8221; rt_bg_layer=&#8221;&#8221; rt_bg_video_format=&#8221;self-hosted&#8221; rt_class=&#8221;rt-8106491&#8243; class=&#8221;citat&#8221; rt_paddings=&#8221;0,0,0,&#8221; rt_margins=&#8221;50px,50px,,&#8221; rt_content_margins=&#8221;,,,&#8221; rt_tablet_paddings=&#8221;,,,&#8221; rt_tablet_margins=&#8221;,,,&#8221; rt_tablet_content_margins=&#8221;,,,&#8221; rt_sp_paddings=&#8221;,,,&#8221; rt_sp_margins=&#8221;,,,&#8221; rt_sp_content_margins=&#8221;,,,&#8221;][vc_column rt_bg_effect=&#8221;classic&#8221; rt_bg_image_repeat=&#8221;repeat&#8221; rt_bg_size=&#8221;auto auto&#8221; rt_bg_position=&#8221;right top&#8221; rt_bg_attachment=&#8221;scroll&#8221;][vc_column_text]<\/p>\n<div class=\"content_row row vc_row wpb_row alt-style-1 fullwidth has-bg-image rt-1438479\">\n<div class=\"content_row_wrapper default\">\n<div class=\"vc_col-sm-12 wpb_column vc_column_container rt-2351945 rt-column-container\">\n<div class=\"vc_column-inner rt-column-inner\">\n<div class=\"wpb_wrapper rt-wrapper\">\n<blockquote><p>GOOD DEEDS DO NOT DECAY<\/p>\n<p>Vuk Stefanovi\u0107 Karad\u017ei\u0107<\/p><\/blockquote>\n<\/div>\n<\/div>\n<\/div>\n<\/div>\n<\/div>\n<p>[\/vc_column_text][\/vc_column][\/vc_row][vc_row rt_row_background_width=&#8221;fullwidth&#8221; rt_row_content_width=&#8221;default&#8221; rt_row_style=&#8221;default-style&#8221; rt_row_height=&#8221;&#8221; rt_column_gaps=&#8221;&#8221; rt_row_shadows=&#8221;&#8221; rt_row_borders=&#8221;&#8221; rt_bg_effect=&#8221;classic&#8221; rt_bg_image_repeat=&#8221;repeat&#8221; rt_bg_size=&#8221;cover&#8221; rt_bg_position=&#8221;right top&#8221; rt_bg_attachment=&#8221;scroll&#8221; rt_bg_layer=&#8221;&#8221; rt_bg_video_format=&#8221;self-hosted&#8221; rt_class=&#8221;rt-3451365&#8243; rt_paddings=&#8221;5%,2%,,&#8221; rt_margins=&#8221;,,,&#8221; rt_content_margins=&#8221;,,,&#8221; rt_tablet_paddings=&#8221;,,,&#8221; rt_tablet_margins=&#8221;,,,&#8221; rt_tablet_content_margins=&#8221;,,,&#8221; rt_sp_paddings=&#8221;,,,&#8221; rt_sp_margins=&#8221;,,,&#8221; rt_sp_content_margins=&#8221;,,,&#8221;][vc_column rt_bg_effect=&#8221;classic&#8221; rt_bg_image_repeat=&#8221;repeat&#8221; rt_bg_size=&#8221;auto auto&#8221; rt_bg_position=&#8221;right top&#8221; rt_bg_attachment=&#8221;scroll&#8221; rt_class=&#8221;rt-4745484&#8243; rt_margins=&#8221;,&#8221; rt_paddings=&#8221;,,,&#8221; rt_wrapper_paddings=&#8221;,,,&#8221; rt_tablet_margins=&#8221;,&#8221; rt_tablet_paddings=&#8221;,,,&#8221; rt_tablet_wrapper_paddings=&#8221;,,,&#8221; rt_sp_margins=&#8221;,&#8221; rt_sp_paddings=&#8221;5%,,,&#8221; rt_sp_wrapper_paddings=&#8221;,,,&#8221; rt_bg_color=&#8221;&#8221; rt_bg_overlay_color=&#8221;&#8221;]\r\n\t\t<article class=\"content-box content-box2 content-padding\">\r\n\t\t<div class=\"rt-heading-wrapper style-1\">\r\n\t\t\t\t\t\t<h4 class=\"rt-heading style-1\" >Necessary documentation<\/h4>\r\n\t\t\t\t\t<\/div>\r\n\t\t<div class=\"content-holder\">\r\n\t\t\t\n<div  class=\"bullet-list style-1  check\">\n<ol>\n<li>A request for approval of funds placement on the company\u2019s letterhead, sealed and signed<\/li>\n<li>Filled in the <em>AOFI questionnaire for preparation of a credit record<\/em><\/li>\n<li>A copy of the contract on the export business operation which is the subject matter of financing\/guarantees issue<\/li>\n<li>Filled in <em>Client\u2019s consent form &#8211;\u00a0 Credit bureau <\/em>for the report takeover<\/li>\n<li>Trial balance on the last day of the previous month<\/li>\n<li>Trial balance on 31. 12. 2017<\/li>\n<li>Official financial reports for the last two years<\/li>\n<li>Official audit reports for the last two years (for the entities legally obligated to such audit)<\/li>\n<li>Buyers and suppliers analytical record cards<\/li>\n<li>Status documentation (Business Registers Agency\u2019s excerpt, certified signature form, VAT, decision of founding, valid articles of incorporation with all amendments)<\/li>\n<li>Tax Administration certificate on settled tax liabilities<\/li>\n<\/ol><\/div>\n\r\n\t\t\t\r\n\t\t<\/div>\r\n\t\t<\/article>\r\n\t\t[\/vc_column][\/vc_row]<\/p>\n","protected":false},"excerpt":{"rendered":"<p>[vc_row rt_row_background_width=&#8221;fullwidth&#8221; rt_row_content_width=&#8221;default&#8221; rt_row_style=&#8221;default-style&#8221; rt_row_height=&#8221;&#8221; rt_column_gaps=&#8221;&#8221; rt_row_shadows=&#8221;&#8221; rt_row_borders=&#8221;&#8221; rt_bg_effect=&#8221;classic&#8221; rt_bg_image_repeat=&#8221;repeat&#8221; rt_bg_size=&#8221;cover&#8221; rt_bg_position=&#8221;right top&#8221; rt_bg_attachment=&#8221;scroll&#8221; rt_bg_layer=&#8221;&#8221; rt_bg_video_format=&#8221;self-hosted&#8221; rt_class=&#8221;rt-2083338&#8243; rt_paddings=&#8221;5%,,,&#8221; rt_margins=&#8221;,,,&#8221; rt_content_margins=&#8221;,,,&#8221; rt_tablet_paddings=&#8221;,,,&#8221; rt_tablet_margins=&#8221;,,,&#8221; rt_tablet_content_margins=&#8221;,,,&#8221; rt_sp_paddings=&#8221;,,,&#8221; rt_sp_margins=&#8221;,,,&#8221; rt_sp_content_margins=&#8221;,,,&#8221;][vc_column rt_bg_effect=&#8221;classic&#8221; rt_bg_image_repeat=&#8221;repeat&#8221; rt_bg_size=&#8221;auto auto&#8221; rt_bg_position=&#8221;right top&#8221; rt_bg_attachment=&#8221;scroll&#8221; rt_class=&#8221;rt-4114766&#8243; rt_margins=&#8221;,&#8221; rt_paddings=&#8221;,,,&#8221; rt_wrapper_paddings=&#8221;,,,&#8221; rt_tablet_margins=&#8221;,&#8221; rt_tablet_paddings=&#8221;,,,&#8221; rt_tablet_wrapper_paddings=&#8221;,,,&#8221; rt_sp_margins=&#8221;,&#8221; rt_sp_paddings=&#8221;3%,,,&#8221; rt_sp_wrapper_paddings=&#8221;,,,&#8221; rt_bg_color=&#8221;&#8221; rt_bg_overlay_color=&#8221;&#8221;][\/vc_column][\/vc_row][vc_row rt_row_background_width=&#8221;fullwidth&#8221; rt_row_content_width=&#8221;default&#8221; rt_row_style=&#8221;default-style&#8221; rt_row_height=&#8221;&#8221; rt_column_gaps=&#8221;&#8221; rt_row_shadows=&#8221;&#8221; rt_row_borders=&#8221;&#8221; rt_bg_effect=&#8221;classic&#8221; rt_bg_image_repeat=&#8221;repeat&#8221; rt_bg_size=&#8221;cover&#8221; [&hellip;]<\/p>\n","protected":false},"author":14,"featured_media":0,"parent":5303,"menu_order":0,"comment_status":"closed","ping_status":"closed","template":"","meta":{"footnotes":""},"_links":{"self":[{"href":"https:\/\/test1.aofi.rs\/en\/wp-json\/wp\/v2\/pages\/5250"}],"collection":[{"href":"https:\/\/test1.aofi.rs\/en\/wp-json\/wp\/v2\/pages"}],"about":[{"href":"https:\/\/test1.aofi.rs\/en\/wp-json\/wp\/v2\/types\/page"}],"author":[{"embeddable":true,"href":"https:\/\/test1.aofi.rs\/en\/wp-json\/wp\/v2\/users\/14"}],"replies":[{"embeddable":true,"href":"https:\/\/test1.aofi.rs\/en\/wp-json\/wp\/v2\/comments?post=5250"}],"version-history":[{"count":13,"href":"https:\/\/test1.aofi.rs\/en\/wp-json\/wp\/v2\/pages\/5250\/revisions"}],"predecessor-version":[{"id":9145,"href":"https:\/\/test1.aofi.rs\/en\/wp-json\/wp\/v2\/pages\/5250\/revisions\/9145"}],"up":[{"embeddable":true,"href":"https:\/\/test1.aofi.rs\/en\/wp-json\/wp\/v2\/pages\/5303"}],"wp:attachment":[{"href":"https:\/\/test1.aofi.rs\/en\/wp-json\/wp\/v2\/media?parent=5250"}],"curies":[{"name":"wp","href":"https:\/\/api.w.org\/{rel}","templated":true}]}}